{"id":17941,"date":"2021-07-30T08:35:32","date_gmt":"2021-07-30T08:35:32","guid":{"rendered":"http:\/\/campingland24.com\/?product=salomon-unisex-kinder-xa-pro-3d-j-traillaufschuhe"},"modified":"2023-02-23T18:54:33","modified_gmt":"2023-02-23T18:54:33","slug":"salomon-unisex-kinder-xa-pro-3d-j-traillaufschuhe","status":"publish","type":"product","link":"http:\/\/campingland24.com\/?product=salomon-unisex-kinder-xa-pro-3d-j-traillaufschuhe","title":{"rendered":"Salomon XA Pro 3D Junior Kinder Trailrunning-Schuhe, Gr\u00fcn (Olive Night\/Safari\/Rooibos Tea), 34 EU"},"content":{"rendered":"<p><!-- show up to 2 reviews by default --> <\/p>\n<p>XA PRO 3D Der XA PRO 3D ist ein richtiges Multitalent und macht Lust auf Drau\u00dfen. Der robust verarbeitete Outdoorschuh ist durch sein atmungsaktives Mesh-Material und der antimikrobiellen agion-Technologie bestens geeignet f\u00fcr sportliche Abendteuer. Die verbesserte Contagrip-Au\u00dfensohle bietet extra starken Halt sowie Zehen- und Fersenschutz, wodurch Sie so gut wie jedem Untergrund trotzen k\u00f6nnen. Zudem bietet die optimale Passform und das Quicklace-Schn\u00fcrsystem Stabilit\u00e4t und ein angenehmes Tragegef\u00fchl. <\/p>\n<p>Obermaterial: Synthetisch<br \/>\nInnenmaterial: Synthetic<br \/>\nSohle: Gummi<br \/>\nVerschluss: Schnellverschluss<br \/>\nSchuhweite: Schmal<br \/>\nNicht wasserdicht<br \/>\n<div class=\"main-cross-sell\" data-asin=\"B08C9Y61CZ\">\n\n\t<div class=\"WooZone-cross-sell-loader\">\n\t\t<div>\n\t\t\t<div id=\"floatingBarsG\">\n\t\t\t\t<div class=\"blockG\" id=\"rotateG_01\"><\/div>\n\t\t\t\t<div class=\"blockG\" id=\"rotateG_02\"><\/div>\n\t\t\t\t<div class=\"blockG\" id=\"rotateG_03\"><\/div>\n\t\t\t\t<div class=\"blockG\" id=\"rotateG_04\"><\/div>\n\t\t\t\t<div class=\"blockG\" id=\"rotateG_05\"><\/div>\n\t\t\t\t<div class=\"blockG\" id=\"rotateG_06\"><\/div>\n\t\t\t\t<div class=\"blockG\" id=\"rotateG_07\"><\/div>\n\t\t\t\t<div class=\"blockG\" id=\"rotateG_08\"><\/div>\n\t\t\t<\/div>\n\t\t\t<div class=\"WooZone-cross-sell-loader-text\"><\/div>\n\t\t<\/div>\n\t<\/div>\n\n\t\t\n<\/div>\n<div style=\"clear:both;\"><\/div><\/p>\n","protected":false},"excerpt":{"rendered":"<p>Obermaterial: Synthetisch<br \/>\nInnenmaterial: Synthetic<br \/>\nSohle: Gummi<\/p>\n","protected":false},"featured_media":17942,"comment_status":"open","ping_status":"closed","template":"","meta":[],"product_cat":[7072,7073],"product_tag":[],"_links":{"self":[{"href":"http:\/\/campingland24.com\/index.php?rest_route=\/wp\/v2\/product\/17941"}],"collection":[{"href":"http:\/\/campingland24.com\/index.php?rest_route=\/wp\/v2\/product"}],"about":[{"href":"http:\/\/campingland24.com\/index.php?rest_route=\/wp\/v2\/types\/product"}],"replies":[{"embeddable":true,"href":"http:\/\/campingland24.com\/index.php?rest_route=%2Fwp%2Fv2%2Fcomments&post=17941"}],"version-history":[{"count":3,"href":"http:\/\/campingland24.com\/index.php?rest_route=\/wp\/v2\/product\/17941\/revisions"}],"predecessor-version":[{"id":19290,"href":"http:\/\/campingland24.com\/index.php?rest_route=\/wp\/v2\/product\/17941\/revisions\/19290"}],"wp:featuredmedia":[{"embeddable":true,"href":"http:\/\/campingland24.com\/index.php?rest_route=\/wp\/v2\/media\/17942"}],"wp:attachment":[{"href":"http:\/\/campingland24.com\/index.php?rest_route=%2Fwp%2Fv2%2Fmedia&parent=17941"}],"wp:term":[{"taxonomy":"product_cat","embeddable":true,"href":"http:\/\/campingland24.com\/index.php?rest_route=%2Fwp%2Fv2%2Fproduct_cat&post=17941"},{"taxonomy":"product_tag","embeddable":true,"href":"http:\/\/campingland24.com\/index.php?rest_route=%2Fwp%2Fv2%2Fproduct_tag&post=17941"}],"curies":[{"name":"wp","href":"https:\/\/api.w.org\/{rel}","templated":true}]}}