{"id":17961,"date":"2021-07-30T08:35:40","date_gmt":"2021-07-30T08:35:40","guid":{"rendered":"http:\/\/campingland24.com\/?product=lico-herren-milan-trekking-wanderstiefel"},"modified":"2023-02-23T18:54:33","modified_gmt":"2023-02-23T18:54:33","slug":"lico-herren-milan-trekking-wanderstiefel","status":"publish","type":"product","link":"http:\/\/campingland24.com\/?product=lico-herren-milan-trekking-wanderstiefel","title":{"rendered":"Lico Herren Milan Cross-Laufschuh"},"content":{"rendered":"<p><!-- show up to 2 reviews by default --> <\/p>\n<p>Lico funktioneller Trekking Stiefel milan f\u00fcr Damen und Herren zum Schn\u00fcren. &#8211; Obermaterial: Veloursleder mit Nylon-Eins\u00e4tzen &#8211; winddichte und wasserdichte Comfortex-Klimamembrane f\u00fcr ein angenehmes Tragegef\u00fchl &#8211; angenehme Schaft- und Laschenpolsterung &#8211; Textilfutter &#8211; auswechselbare Textileinlegesohle &#8211; rutschfeste Gummilaufsohle <\/p>\n<p>Obermaterial: Leder<br \/>\nInnenmaterial: Textil<br \/>\nSohle: Gummi<br \/>\nVerschluss: Schn\u00fcrsenkel<br \/>\nAbsatzh\u00f6he: 3 cm<br \/>\nAbsatzform: Flach<br \/>\nMaterialzusammensetzung: Obermaterial: 100% Veloursleder Textil Mesh atmungsaktiv Leder<br \/>\nSchuhweite: Schmal<br \/>\nWasserabweisend<br \/>\n<div class=\"main-cross-sell\" data-asin=\"B071GYTV3G\">\n\n\t<div class=\"WooZone-cross-sell-loader\">\n\t\t<div>\n\t\t\t<div id=\"floatingBarsG\">\n\t\t\t\t<div class=\"blockG\" id=\"rotateG_01\"><\/div>\n\t\t\t\t<div class=\"blockG\" id=\"rotateG_02\"><\/div>\n\t\t\t\t<div class=\"blockG\" id=\"rotateG_03\"><\/div>\n\t\t\t\t<div class=\"blockG\" id=\"rotateG_04\"><\/div>\n\t\t\t\t<div class=\"blockG\" id=\"rotateG_05\"><\/div>\n\t\t\t\t<div class=\"blockG\" id=\"rotateG_06\"><\/div>\n\t\t\t\t<div class=\"blockG\" id=\"rotateG_07\"><\/div>\n\t\t\t\t<div class=\"blockG\" id=\"rotateG_08\"><\/div>\n\t\t\t<\/div>\n\t\t\t<div class=\"WooZone-cross-sell-loader-text\"><\/div>\n\t\t<\/div>\n\t<\/div>\n\n\t\t\n<\/div>\n<div style=\"clear:both;\"><\/div><\/p>\n","protected":false},"excerpt":{"rendered":"<p>Obermaterial: Leder<br \/>\nInnenmaterial: Textil<br \/>\nSohle: Gummi<\/p>\n","protected":false},"featured_media":17962,"comment_status":"open","ping_status":"closed","template":"","meta":[],"product_cat":[7072,7073],"product_tag":[],"_links":{"self":[{"href":"http:\/\/campingland24.com\/index.php?rest_route=\/wp\/v2\/product\/17961"}],"collection":[{"href":"http:\/\/campingland24.com\/index.php?rest_route=\/wp\/v2\/product"}],"about":[{"href":"http:\/\/campingland24.com\/index.php?rest_route=\/wp\/v2\/types\/product"}],"replies":[{"embeddable":true,"href":"http:\/\/campingland24.com\/index.php?rest_route=%2Fwp%2Fv2%2Fcomments&post=17961"}],"version-history":[{"count":3,"href":"http:\/\/campingland24.com\/index.php?rest_route=\/wp\/v2\/product\/17961\/revisions"}],"predecessor-version":[{"id":20027,"href":"http:\/\/campingland24.com\/index.php?rest_route=\/wp\/v2\/product\/17961\/revisions\/20027"}],"wp:featuredmedia":[{"embeddable":true,"href":"http:\/\/campingland24.com\/index.php?rest_route=\/wp\/v2\/media\/17962"}],"wp:attachment":[{"href":"http:\/\/campingland24.com\/index.php?rest_route=%2Fwp%2Fv2%2Fmedia&parent=17961"}],"wp:term":[{"taxonomy":"product_cat","embeddable":true,"href":"http:\/\/campingland24.com\/index.php?rest_route=%2Fwp%2Fv2%2Fproduct_cat&post=17961"},{"taxonomy":"product_tag","embeddable":true,"href":"http:\/\/campingland24.com\/index.php?rest_route=%2Fwp%2Fv2%2Fproduct_tag&post=17961"}],"curies":[{"name":"wp","href":"https:\/\/api.w.org\/{rel}","templated":true}]}}