{"id":17965,"date":"2021-07-30T08:35:41","date_gmt":"2021-07-30T08:35:41","guid":{"rendered":"http:\/\/campingland24.com\/?product=columbia-herren-woodburn-ii-waterproof-schuhe"},"modified":"2023-02-23T18:54:33","modified_gmt":"2023-02-23T18:54:33","slug":"columbia-herren-woodburn-ii-waterproof-schuhe","status":"publish","type":"product","link":"http:\/\/campingland24.com\/?product=columbia-herren-woodburn-ii-waterproof-schuhe","title":{"rendered":"Columbia Woodburn 2 Waterproof (wasserdicht) Wanderschuhe f\u00fcr Herren"},"content":{"rendered":"<p><!-- show up to 2 reviews by default --> <\/p>\n<p>Die wasserdichten Woodburn II von Columbia sind sportliche Outdoor-Schuhe, die sowohl f\u00fcr leichte Wanderwege als auch f\u00fcr die Stadt geeignet sind. Ein leichtes Obermaterial aus Leder und Netzstoff bietet Komfort und Atmungsaktivit\u00e4t, w\u00e4hrend eine wasserdichte Innenschuhkonstruktion f\u00fcr Trockenheit sorgt. Profitieren Sie dank der d\u00e4mpfenden Zwischensohle von einer hohen Energier\u00fcckgabe und genie\u00dfen Sie dank der abriebfesten Au\u00dfensohle eine perfekte Bodenhaftung. <\/p>\n<p>Obermaterial: Leder<br \/>\nInnenmaterial: Synthetik<br \/>\nSohle: Gummi<br \/>\nVerschluss: Schn\u00fcrsenkel<br \/>\nAbsatzh\u00f6he: 1 cm<br \/>\nAbsatzform: Flach<br \/>\nMaterialzusammensetzung: Echtleder<br \/>\nSchuhweite: Normal<br \/>\nWasserabweisend<br \/>\n<div class=\"main-cross-sell\" data-asin=\"B00GUXJUE8\">\n\n\t<div class=\"WooZone-cross-sell-loader\">\n\t\t<div>\n\t\t\t<div id=\"floatingBarsG\">\n\t\t\t\t<div class=\"blockG\" id=\"rotateG_01\"><\/div>\n\t\t\t\t<div class=\"blockG\" id=\"rotateG_02\"><\/div>\n\t\t\t\t<div class=\"blockG\" id=\"rotateG_03\"><\/div>\n\t\t\t\t<div class=\"blockG\" id=\"rotateG_04\"><\/div>\n\t\t\t\t<div class=\"blockG\" id=\"rotateG_05\"><\/div>\n\t\t\t\t<div class=\"blockG\" id=\"rotateG_06\"><\/div>\n\t\t\t\t<div class=\"blockG\" id=\"rotateG_07\"><\/div>\n\t\t\t\t<div class=\"blockG\" id=\"rotateG_08\"><\/div>\n\t\t\t<\/div>\n\t\t\t<div class=\"WooZone-cross-sell-loader-text\"><\/div>\n\t\t<\/div>\n\t<\/div>\n\n\t\t\n<\/div>\n<div style=\"clear:both;\"><\/div><\/p>\n","protected":false},"excerpt":{"rendered":"<p>Obermaterial: Leder<br \/>\nInnenmaterial: Synthetik<br \/>\nSohle: Gummi<\/p>\n","protected":false},"featured_media":17966,"comment_status":"open","ping_status":"closed","template":"","meta":[],"product_cat":[7072,7073],"product_tag":[],"_links":{"self":[{"href":"http:\/\/campingland24.com\/index.php?rest_route=\/wp\/v2\/product\/17965"}],"collection":[{"href":"http:\/\/campingland24.com\/index.php?rest_route=\/wp\/v2\/product"}],"about":[{"href":"http:\/\/campingland24.com\/index.php?rest_route=\/wp\/v2\/types\/product"}],"replies":[{"embeddable":true,"href":"http:\/\/campingland24.com\/index.php?rest_route=%2Fwp%2Fv2%2Fcomments&post=17965"}],"version-history":[{"count":10,"href":"http:\/\/campingland24.com\/index.php?rest_route=\/wp\/v2\/product\/17965\/revisions"}],"predecessor-version":[{"id":19857,"href":"http:\/\/campingland24.com\/index.php?rest_route=\/wp\/v2\/product\/17965\/revisions\/19857"}],"wp:featuredmedia":[{"embeddable":true,"href":"http:\/\/campingland24.com\/index.php?rest_route=\/wp\/v2\/media\/17966"}],"wp:attachment":[{"href":"http:\/\/campingland24.com\/index.php?rest_route=%2Fwp%2Fv2%2Fmedia&parent=17965"}],"wp:term":[{"taxonomy":"product_cat","embeddable":true,"href":"http:\/\/campingland24.com\/index.php?rest_route=%2Fwp%2Fv2%2Fproduct_cat&post=17965"},{"taxonomy":"product_tag","embeddable":true,"href":"http:\/\/campingland24.com\/index.php?rest_route=%2Fwp%2Fv2%2Fproduct_tag&post=17965"}],"curies":[{"name":"wp","href":"https:\/\/api.w.org\/{rel}","templated":true}]}}