{"id":17969,"date":"2021-07-30T08:35:43","date_gmt":"2021-07-30T08:35:43","guid":{"rendered":"http:\/\/campingland24.com\/?product=jack-wolfskin-herren-vojo-3-texapore-mid-m-outdoorschuhe"},"modified":"2023-02-23T18:54:33","modified_gmt":"2023-02-23T18:54:33","slug":"jack-wolfskin-herren-vojo-3-texapore-mid-m-outdoorschuhe","status":"publish","type":"product","link":"http:\/\/campingland24.com\/?product=jack-wolfskin-herren-vojo-3-texapore-mid-m-outdoorschuhe","title":{"rendered":"Jack Wolfskin Herren Vojo 3 Texapore Mid M Outdoorschuhe"},"content":{"rendered":"<p><!-- show up to 2 reviews by default --> <\/p>\n<p>in der Umgebung oder auf Reisen: Du liebst ausgedehnte Tageswanderungen! Daf\u00fcr ist unser Wander-Bestseller VOJO 3 TEXAPORE MID genau der Richtige. Der klassische, wasserdichte Wanderschuh ist im Mittel- und Hochgebirge in seinem Element. Die gut d\u00e4mpfende, trittsichere Sohle h\u00e4lt deine F\u00fc\u00dfe komfortabel im Schuh &#8211; besonders nach vielen Kilometern ist das ein klarer Vorteil. Das griffige Profil schenkt dir auch dann sehr guten Halt, wenn es eher nass und rutschig ist. Dank wasserdichter TEXAPORE-Membran sind auch Pf\u00fctzen und aufkommende Schauer kein Problem. Dein Fu\u00df bleibt trocken &#8211; rt! <\/p>\n<p>Obermaterial: Suede Leather;Textile;TEXAPORE<br \/>\nInnenmaterial: Synthetik<br \/>\nSohle: Leder und Gummi<br \/>\nVerschluss: Schn\u00fcrsenkel<br \/>\nAbsatzform: Flach<br \/>\nSchuhweite: Schmal<br \/>\nWasserdicht<br \/>\n<div class=\"main-cross-sell\" data-asin=\"B087MSLYN7\">\n\n\t<div class=\"WooZone-cross-sell-loader\">\n\t\t<div>\n\t\t\t<div id=\"floatingBarsG\">\n\t\t\t\t<div class=\"blockG\" id=\"rotateG_01\"><\/div>\n\t\t\t\t<div class=\"blockG\" id=\"rotateG_02\"><\/div>\n\t\t\t\t<div class=\"blockG\" id=\"rotateG_03\"><\/div>\n\t\t\t\t<div class=\"blockG\" id=\"rotateG_04\"><\/div>\n\t\t\t\t<div class=\"blockG\" id=\"rotateG_05\"><\/div>\n\t\t\t\t<div class=\"blockG\" id=\"rotateG_06\"><\/div>\n\t\t\t\t<div class=\"blockG\" id=\"rotateG_07\"><\/div>\n\t\t\t\t<div class=\"blockG\" id=\"rotateG_08\"><\/div>\n\t\t\t<\/div>\n\t\t\t<div class=\"WooZone-cross-sell-loader-text\"><\/div>\n\t\t<\/div>\n\t<\/div>\n\n\t\t\n<\/div>\n<div style=\"clear:both;\"><\/div><\/p>\n","protected":false},"excerpt":{"rendered":"<p>Obermaterial: Suede Leather;Textile;TEXAPORE<br \/>\nInnenmaterial: Synthetik<br \/>\nSohle: Leder und Gummi<\/p>\n","protected":false},"featured_media":17970,"comment_status":"open","ping_status":"closed","template":"","meta":[],"product_cat":[7072,7073],"product_tag":[],"_links":{"self":[{"href":"http:\/\/campingland24.com\/index.php?rest_route=\/wp\/v2\/product\/17969"}],"collection":[{"href":"http:\/\/campingland24.com\/index.php?rest_route=\/wp\/v2\/product"}],"about":[{"href":"http:\/\/campingland24.com\/index.php?rest_route=\/wp\/v2\/types\/product"}],"replies":[{"embeddable":true,"href":"http:\/\/campingland24.com\/index.php?rest_route=%2Fwp%2Fv2%2Fcomments&post=17969"}],"version-history":[{"count":8,"href":"http:\/\/campingland24.com\/index.php?rest_route=\/wp\/v2\/product\/17969\/revisions"}],"predecessor-version":[{"id":20146,"href":"http:\/\/campingland24.com\/index.php?rest_route=\/wp\/v2\/product\/17969\/revisions\/20146"}],"wp:featuredmedia":[{"embeddable":true,"href":"http:\/\/campingland24.com\/index.php?rest_route=\/wp\/v2\/media\/17970"}],"wp:attachment":[{"href":"http:\/\/campingland24.com\/index.php?rest_route=%2Fwp%2Fv2%2Fmedia&parent=17969"}],"wp:term":[{"taxonomy":"product_cat","embeddable":true,"href":"http:\/\/campingland24.com\/index.php?rest_route=%2Fwp%2Fv2%2Fproduct_cat&post=17969"},{"taxonomy":"product_tag","embeddable":true,"href":"http:\/\/campingland24.com\/index.php?rest_route=%2Fwp%2Fv2%2Fproduct_tag&post=17969"}],"curies":[{"name":"wp","href":"https:\/\/api.w.org\/{rel}","templated":true}]}}