{"id":17973,"date":"2021-07-30T08:35:44","date_gmt":"2021-07-30T08:35:44","guid":{"rendered":"http:\/\/campingland24.com\/?product=jack-wolfskin-unisex-kinder-woodland-texapore-mid-k-outdoorschuhe"},"modified":"2023-02-23T18:54:33","modified_gmt":"2023-02-23T18:54:33","slug":"jack-wolfskin-unisex-kinder-woodland-texapore-mid-k-outdoorschuhe","status":"publish","type":"product","link":"http:\/\/campingland24.com\/?product=jack-wolfskin-unisex-kinder-woodland-texapore-mid-k-outdoorschuhe","title":{"rendered":"Jack Wolfskin Unisex Kinder Woodland Texapore Mid K Outdoorschuhe"},"content":{"rendered":"<p><!-- show up to 2 reviews by default --> <\/p>\n<p>Over stok en steen springen, door velden strepen en samen met mama en papa de huisberg verkennen: met onze Woodland Texapore Mid zijn kleine ontdekkingsreizigers voorbereid op elke tour. De schachtconstructie van synthetisch en textiel is eenvoudig schoon te maken en maakt de multifunctionele wandelschoen bijzonder licht. De zachte mesh-kraag biedt super comfort voor elke kindervoet. Bij het wandelen profiteren de kinderen bovendien van een perfecte combinatie van beweeglijkheid en stabiliteit. De rubberen antislipzool geeft een goede grip op alle ondergronden. En ook als het buiten nat is, blijven de voeten droog: onze bewezen Texapore laat geen druppel achter.<\/p>\n<p>\u00dcber Stock und Stein h\u00fcpfen, durch Felder streifen und zusammen mit Mama und Papa den Hausberg erkunden: Mit unserem WOODLAND TEXAPORE MID sind kleine Entdecker f\u00fcr jede Tour gewappnet. Der Schaftaufbau aus Synthetik und Textil ist pflegeleicht und macht den multifunktionalen Wanderschuh besonders leicht. Der weiche Mesh-Kragen bietet super Komfort f\u00fcr jeden Kinderfu\u00df. Beim Wandern profitieren die Kids au\u00dferdem von einer perfekten Kombination aus Beweglichkeit und Stabilit\u00e4t. Die griffige Gummisohle gibt guten Halt auf allen Untergr\u00fcnden. Und auch wenn es draussen nass ist, bleiben die F\u00fc\u00dfe trocken: Unser bew\u00e4hrtes TEXAPORE l\u00e4sst keinen Tropfen hinein.<\/p>\n<p>Baton ve ta\u015f \u00fczerinde z\u0131plama, tarlalarda \u015ferit ve anne ve babayla Hausberg&#8217;i ke\u015ffetme: Woodland Texapore Mid ile k\u00fc\u00e7\u00fck ka\u015fifler her tur i\u00e7in haz\u0131rl\u0131kl\u0131d\u0131r. Sentetik ve tekstil \u015faft yap\u0131s\u0131 bak\u0131m\u0131 kolayd\u0131r ve \u00e7ok fonksiyonlu y\u00fcr\u00fcy\u00fc\u015f ayakkab\u0131s\u0131n\u0131 \u00f6zellikle hafif hale getirir. Yumu\u015fak file yaka her \u00e7ocuk aya\u011f\u0131 i\u00e7in s\u00fcper konfor sunar. Y\u00fcr\u00fcy\u00fc\u015f s\u0131ras\u0131nda \u00e7ocuklar ayr\u0131ca hareketlilik ve sa\u011flaml\u0131\u011f\u0131n m\u00fckemmel bir kombinasyonundan faydalan\u0131rlar. Kaymaz kau\u00e7uk taban t\u00fcm zeminlerde iyi bir tutu\u015f sa\u011flar. D\u0131\u015far\u0131s\u0131 \u0131slak olsa bile ayaklar kuru kal\u0131r: Kan\u0131tlanm\u0131\u015f Texapore sayesinde hi\u00e7bir damla i\u00e7eri girmez.<\/p>\n<p>Napl\u0148te p\u0159es h\u016flku a kamene, p\u0159es pol\u00ed\u010dky a spole\u010dn\u011b s maminkou a tat\u00ednkem Hausberg pozn\u00e1te domber: S na\u0161\u00edm WoodyLAND TEXAPORE MID jsou nad\u0161eni pro ka\u017edou t\u016fru. Struktura svr\u0161ku ze syntetiky a textilu se snadno udr\u017euje a je obzvl\u00e1\u0161t\u011b lehk\u00e1. M\u011bkk\u00fd l\u00edmec ze s\u00ed\u0165oviny nab\u00edz\u00ed super komfort pro ka\u017edou d\u011btskou nohu. P\u0159i turistice d\u011bti krom\u011b toho t\u011b\u017e\u00ed z perfektn\u00ed kombinace pohyblivosti a stability. Neklouzav\u00e1 gumov\u00e1 podr\u00e1\u017eka dob\u0159e dr\u017e\u00ed na v\u0161ech podkladech. A i kdy\u017e jsou venku vlhk\u00e9, z\u016fst\u00e1vaj\u00ed nohy such\u00e9: Na\u0161e osv\u011bd\u010den\u00e1 Texapore nenech\u00e1 \u017e\u00e1dn\u00fd kapek.<\/p>\n<p>Bounce over stick and stone, path through fields and explore the house mountain together with mum and dad: with our WOODLAND TEXAPORE MID, small explorers are prepared for every tour. The upper structure made of synthetic and textile is easy to clean and makes the multifunctional hiking shoe particularly light. The soft mesh collar provides super comfort for any child&#8217;s foot. When hiking, the kids also benefit from a perfect combination of mobility and stability. The non-slip rubber sole provides good grip on all surfaces. And even when it is wet outdoors, your feet stay dry: our proven Texapore does not let any drop in.<\/p>\n<p>Podskakiwanie na pi\u0119trze i kamieniu, przeskakiwanie przez pola, a razem z mam\u0105 i tat\u0105 odkrywanie g\u00f3ry: Z naszym WOODLAND TEXAPORE MID mali odkrywcy przygotowani s\u0105 na ka\u017cd\u0105 wycieczk\u0119. Konstrukcja cholewki z materia\u0142u syntetycznego i materia\u0142u jest \u0142atwa w utrzymaniu i sprawia, \u017ce wielofunkcyjne buty trekkingowe s\u0105 wyj\u0105tkowo lekkie. Mi\u0119kki ko\u0142nierz z siateczki zapewnia super komfort dla ka\u017cdej stopy dziecka. Podczas w\u0119dr\u00f3wek dzieci korzystaj\u0105 r\u00f3wnie\u017c z doskona\u0142ego po\u0142\u0105czenia mobilno\u015bci i stabilno\u015bci. Przyczepna gumowa podeszwa zapewnia dobr\u0105 przyczepno\u015b\u0107 na wszystkich pod\u0142o\u017cach. Nawet gdy na zewn\u0105trz jest mokre, stopy pozostaj\u0105 suche: nasz sprawdzony TEXAPORE nie przepuszcza kropli. <\/p>\n<p>Obermaterial: Textile;Synthetic;TEXAPORE<br \/>\nInnenmaterial: Synthetik<br \/>\nSohle: Leder und Gummi<br \/>\nVerschluss: Schn\u00fcrsenkel<br \/>\nSchuhweite: Schmal<br \/>\nWasserdicht<br \/>\n<div class=\"main-cross-sell\" data-asin=\"B087MTDSJT\">\n\n\t<div class=\"WooZone-cross-sell-loader\">\n\t\t<div>\n\t\t\t<div id=\"floatingBarsG\">\n\t\t\t\t<div class=\"blockG\" id=\"rotateG_01\"><\/div>\n\t\t\t\t<div class=\"blockG\" id=\"rotateG_02\"><\/div>\n\t\t\t\t<div class=\"blockG\" id=\"rotateG_03\"><\/div>\n\t\t\t\t<div class=\"blockG\" id=\"rotateG_04\"><\/div>\n\t\t\t\t<div class=\"blockG\" id=\"rotateG_05\"><\/div>\n\t\t\t\t<div class=\"blockG\" id=\"rotateG_06\"><\/div>\n\t\t\t\t<div class=\"blockG\" id=\"rotateG_07\"><\/div>\n\t\t\t\t<div class=\"blockG\" id=\"rotateG_08\"><\/div>\n\t\t\t<\/div>\n\t\t\t<div class=\"WooZone-cross-sell-loader-text\"><\/div>\n\t\t<\/div>\n\t<\/div>\n\n\t\t\n<\/div>\n<div style=\"clear:both;\"><\/div><\/p>\n","protected":false},"excerpt":{"rendered":"<p>Obermaterial: Textile;Synthetic;TEXAPORE<br \/>\nInnenmaterial: Synthetik<br \/>\nSohle: Leder und Gummi<\/p>\n","protected":false},"featured_media":17974,"comment_status":"open","ping_status":"closed","template":"","meta":[],"product_cat":[7072,7073],"product_tag":[],"_links":{"self":[{"href":"http:\/\/campingland24.com\/index.php?rest_route=\/wp\/v2\/product\/17973"}],"collection":[{"href":"http:\/\/campingland24.com\/index.php?rest_route=\/wp\/v2\/product"}],"about":[{"href":"http:\/\/campingland24.com\/index.php?rest_route=\/wp\/v2\/types\/product"}],"replies":[{"embeddable":true,"href":"http:\/\/campingland24.com\/index.php?rest_route=%2Fwp%2Fv2%2Fcomments&post=17973"}],"version-history":[{"count":1,"href":"http:\/\/campingland24.com\/index.php?rest_route=\/wp\/v2\/product\/17973\/revisions"}],"predecessor-version":[{"id":18940,"href":"http:\/\/campingland24.com\/index.php?rest_route=\/wp\/v2\/product\/17973\/revisions\/18940"}],"wp:featuredmedia":[{"embeddable":true,"href":"http:\/\/campingland24.com\/index.php?rest_route=\/wp\/v2\/media\/17974"}],"wp:attachment":[{"href":"http:\/\/campingland24.com\/index.php?rest_route=%2Fwp%2Fv2%2Fmedia&parent=17973"}],"wp:term":[{"taxonomy":"product_cat","embeddable":true,"href":"http:\/\/campingland24.com\/index.php?rest_route=%2Fwp%2Fv2%2Fproduct_cat&post=17973"},{"taxonomy":"product_tag","embeddable":true,"href":"http:\/\/campingland24.com\/index.php?rest_route=%2Fwp%2Fv2%2Fproduct_tag&post=17973"}],"curies":[{"name":"wp","href":"https:\/\/api.w.org\/{rel}","templated":true}]}}