{"id":17981,"date":"2021-07-30T08:35:47","date_gmt":"2021-07-30T08:35:47","guid":{"rendered":"http:\/\/campingland24.com\/?product=timberland-herren-white-ledge-wp-mid-gaucho-chukka-boots"},"modified":"2023-02-23T18:54:34","modified_gmt":"2023-02-23T18:54:34","slug":"timberland-herren-white-ledge-wp-mid-gaucho-chukka-boots","status":"publish","type":"product","link":"http:\/\/campingland24.com\/?product=timberland-herren-white-ledge-wp-mid-gaucho-chukka-boots","title":{"rendered":"Timberland Men&#8217;s White Ledge Mid Waterproof Hiking Boot"},"content":{"rendered":"<p><!-- show up to 2 reviews by default --> <\/p>\n<p>Timberland White Ledge Mid Waterproof aus hochwertigem wasserfestem Vollnarbenleder f\u00fcr Schutz, lange Haltbarkeit und trockene F\u00fc\u00dfe. Herausnehmbares EVA Fu\u00dfbett f\u00fcr D\u00e4mpfung und Komfort. Waterproof Seam Sealed Construction f\u00fcr trockene F\u00fc\u00dfe bei jedem Wetter. B.S.F.P Motion Efficiency System f\u00fcr beste Traktion auf jedem Untergrund. Abriebfeste Gummiau\u00dfensohle. <\/p>\n<p>Obermaterial: Leder<br \/>\nInnenmaterial: Mesh<br \/>\nSohle: Gummi<br \/>\nVerschluss: Schn\u00fcrsenkel<br \/>\nAbsatzh\u00f6he: 2 cm<br \/>\nAbsatzform: Flach<br \/>\nMaterialzusammensetzung: 100 % Leder<br \/>\nGr\u00f6\u00dfenhinweis: F\u00e4llt eine Gr\u00f6\u00dfe kleiner aus<br \/>\nSchaftweite: Normal<br \/>\nSchuhweite: Medium<br \/>\nWasserabweisend<br \/>\n<div class=\"main-cross-sell\" data-asin=\"B004BTVLUO\">\n\n\t<div class=\"WooZone-cross-sell-loader\">\n\t\t<div>\n\t\t\t<div id=\"floatingBarsG\">\n\t\t\t\t<div class=\"blockG\" id=\"rotateG_01\"><\/div>\n\t\t\t\t<div class=\"blockG\" id=\"rotateG_02\"><\/div>\n\t\t\t\t<div class=\"blockG\" id=\"rotateG_03\"><\/div>\n\t\t\t\t<div class=\"blockG\" id=\"rotateG_04\"><\/div>\n\t\t\t\t<div class=\"blockG\" id=\"rotateG_05\"><\/div>\n\t\t\t\t<div class=\"blockG\" id=\"rotateG_06\"><\/div>\n\t\t\t\t<div class=\"blockG\" id=\"rotateG_07\"><\/div>\n\t\t\t\t<div class=\"blockG\" id=\"rotateG_08\"><\/div>\n\t\t\t<\/div>\n\t\t\t<div class=\"WooZone-cross-sell-loader-text\"><\/div>\n\t\t<\/div>\n\t<\/div>\n\n\t\t\n<\/div>\n<div style=\"clear:both;\"><\/div><\/p>\n","protected":false},"excerpt":{"rendered":"<p>Obermaterial: Leder<br \/>\nInnenmaterial: Mesh<br \/>\nSohle: Gummi<\/p>\n","protected":false},"featured_media":17982,"comment_status":"open","ping_status":"closed","template":"","meta":[],"product_cat":[7072,7073],"product_tag":[],"_links":{"self":[{"href":"http:\/\/campingland24.com\/index.php?rest_route=\/wp\/v2\/product\/17981"}],"collection":[{"href":"http:\/\/campingland24.com\/index.php?rest_route=\/wp\/v2\/product"}],"about":[{"href":"http:\/\/campingland24.com\/index.php?rest_route=\/wp\/v2\/types\/product"}],"replies":[{"embeddable":true,"href":"http:\/\/campingland24.com\/index.php?rest_route=%2Fwp%2Fv2%2Fcomments&post=17981"}],"version-history":[{"count":6,"href":"http:\/\/campingland24.com\/index.php?rest_route=\/wp\/v2\/product\/17981\/revisions"}],"predecessor-version":[{"id":20028,"href":"http:\/\/campingland24.com\/index.php?rest_route=\/wp\/v2\/product\/17981\/revisions\/20028"}],"wp:featuredmedia":[{"embeddable":true,"href":"http:\/\/campingland24.com\/index.php?rest_route=\/wp\/v2\/media\/17982"}],"wp:attachment":[{"href":"http:\/\/campingland24.com\/index.php?rest_route=%2Fwp%2Fv2%2Fmedia&parent=17981"}],"wp:term":[{"taxonomy":"product_cat","embeddable":true,"href":"http:\/\/campingland24.com\/index.php?rest_route=%2Fwp%2Fv2%2Fproduct_cat&post=17981"},{"taxonomy":"product_tag","embeddable":true,"href":"http:\/\/campingland24.com\/index.php?rest_route=%2Fwp%2Fv2%2Fproduct_tag&post=17981"}],"curies":[{"name":"wp","href":"https:\/\/api.w.org\/{rel}","templated":true}]}}