{"id":17985,"date":"2021-07-30T08:35:49","date_gmt":"2021-07-30T08:35:49","guid":{"rendered":"http:\/\/campingland24.com\/?product=salomon-jungen-xa-pro-3d-cswp-j-wasserdicht-trekking-wanderhalbschuhe"},"modified":"2023-02-23T18:54:34","modified_gmt":"2023-02-23T18:54:34","slug":"salomon-jungen-xa-pro-3d-cswp-j-wasserdicht-trekking-wanderhalbschuhe","status":"publish","type":"product","link":"http:\/\/campingland24.com\/?product=salomon-jungen-xa-pro-3d-cswp-j-wasserdicht-trekking-wanderhalbschuhe","title":{"rendered":"Salomon XA Pro 3D Climasalomon Waterproof (wasserdicht) Kids Unisex-Kinder Trailrunning-Schuhe"},"content":{"rendered":"<p><!-- show up to 2 reviews by default --> <\/p>\n<p>Lass nicht das Wetter bestimmen, welche Ausr\u00fcstung du tr\u00e4gst. Wage es, die Elemente herauszufordern. Der XA PRO 3D CSWP J ist die Kinderversion des legend\u00e4ren XA PRO 3D, der auch die J\u00fcngsten bei ihren Abenteuern in jedem Gel\u00e4nde begleitet, unabh\u00e4ngig von den \u00e4u\u00dferen Wetterbedingungen. &#8211; WETTERSCHUTZ &#8211; Der wasserabweisende Innenschuh erm\u00f6glicht es trockenen Fu\u00dfes von Pf\u00fctze zu Pf\u00fctze zu springen. &#8211; SCHNELLSCHN\u00dcRSYSTEM &#8211; Das Quicklace-Schn\u00fcrsystem erm\u00f6glicht es Ihnen, Ihre Schuhe schnell an- und wieder ausziehen, ohne Knoten und Anstrengung. Dar\u00fcber hinaus werden sie bei einem Verhaken in einem Gegenstand schnell wieder losgelassen. &#8211; SICHERER HALT UND PASSGENAUER SITZ &#8211; Das Sensifit-System umschlie\u00dft den Fu\u00df optimal und bietet einen idealen und festen Sitz. &#8211; SOHLE &#8211; Das widerstandsf\u00e4hige Material und das Stollenprofil der Contagrip-Sohle erm\u00f6glichen einen au\u00dfergew\u00f6hnlichen Halt auf den verschiedensten Untergr\u00fcnden. <\/p>\n<p>Obermaterial: Synthetisch<br \/>\nInnenmaterial: Synthetic<br \/>\nSohle: Gummi<br \/>\nVerschluss: Schnellverschluss<br \/>\nSchuhweite: Schmal<br \/>\nWasserabweisend<br \/>\n<div class=\"main-cross-sell\" data-asin=\"B08CBDDGQL\">\n\n\t<div class=\"WooZone-cross-sell-loader\">\n\t\t<div>\n\t\t\t<div id=\"floatingBarsG\">\n\t\t\t\t<div class=\"blockG\" id=\"rotateG_01\"><\/div>\n\t\t\t\t<div class=\"blockG\" id=\"rotateG_02\"><\/div>\n\t\t\t\t<div class=\"blockG\" id=\"rotateG_03\"><\/div>\n\t\t\t\t<div class=\"blockG\" id=\"rotateG_04\"><\/div>\n\t\t\t\t<div class=\"blockG\" id=\"rotateG_05\"><\/div>\n\t\t\t\t<div class=\"blockG\" id=\"rotateG_06\"><\/div>\n\t\t\t\t<div class=\"blockG\" id=\"rotateG_07\"><\/div>\n\t\t\t\t<div class=\"blockG\" id=\"rotateG_08\"><\/div>\n\t\t\t<\/div>\n\t\t\t<div class=\"WooZone-cross-sell-loader-text\"><\/div>\n\t\t<\/div>\n\t<\/div>\n\n\t\t\n<\/div>\n<div style=\"clear:both;\"><\/div><\/p>\n","protected":false},"excerpt":{"rendered":"<p>Obermaterial: Synthetisch<br \/>\nInnenmaterial: Synthetic<br \/>\nSohle: Gummi<\/p>\n","protected":false},"featured_media":17986,"comment_status":"open","ping_status":"closed","template":"","meta":[],"product_cat":[7072,7073],"product_tag":[],"_links":{"self":[{"href":"http:\/\/campingland24.com\/index.php?rest_route=\/wp\/v2\/product\/17985"}],"collection":[{"href":"http:\/\/campingland24.com\/index.php?rest_route=\/wp\/v2\/product"}],"about":[{"href":"http:\/\/campingland24.com\/index.php?rest_route=\/wp\/v2\/types\/product"}],"replies":[{"embeddable":true,"href":"http:\/\/campingland24.com\/index.php?rest_route=%2Fwp%2Fv2%2Fcomments&post=17985"}],"version-history":[{"count":5,"href":"http:\/\/campingland24.com\/index.php?rest_route=\/wp\/v2\/product\/17985\/revisions"}],"predecessor-version":[{"id":19873,"href":"http:\/\/campingland24.com\/index.php?rest_route=\/wp\/v2\/product\/17985\/revisions\/19873"}],"wp:featuredmedia":[{"embeddable":true,"href":"http:\/\/campingland24.com\/index.php?rest_route=\/wp\/v2\/media\/17986"}],"wp:attachment":[{"href":"http:\/\/campingland24.com\/index.php?rest_route=%2Fwp%2Fv2%2Fmedia&parent=17985"}],"wp:term":[{"taxonomy":"product_cat","embeddable":true,"href":"http:\/\/campingland24.com\/index.php?rest_route=%2Fwp%2Fv2%2Fproduct_cat&post=17985"},{"taxonomy":"product_tag","embeddable":true,"href":"http:\/\/campingland24.com\/index.php?rest_route=%2Fwp%2Fv2%2Fproduct_tag&post=17985"}],"curies":[{"name":"wp","href":"https:\/\/api.w.org\/{rel}","templated":true}]}}