{"id":17993,"date":"2021-07-30T08:35:52","date_gmt":"2021-07-30T08:35:52","guid":{"rendered":"http:\/\/campingland24.com\/?product=salomon-herren-speedcross-4-gtx-trailrunning-wasserdichte-schuhe"},"modified":"2023-02-23T18:54:34","modified_gmt":"2023-02-23T18:54:34","slug":"salomon-herren-speedcross-4-gtx-trailrunning-wasserdichte-schuhe","status":"publish","type":"product","link":"http:\/\/campingland24.com\/?product=salomon-herren-speedcross-4-gtx-trailrunning-wasserdichte-schuhe","title":{"rendered":"Salomon Herren Speedcross 4 Gore-tex Traillaufschuhe"},"content":{"rendered":"<p><!-- show up to 2 reviews by default --> <\/p>\n<p>Der SPEEDCROSS 4 GTX ist mehr als ein Laufschuh, er ist eine wahre Institution, auf die L\u00e4ufer zur\u00fcckgreifen, wenn sie geringes Gewicht und aggressiven Grip f\u00fcr technische Trails und weichen Untergrund suchen. Und dank GORE-TEX Schutz bist du auf dem Trail f\u00fcr jede Bedingung ger\u00fcstet. <\/p>\n<p>Obermaterial: Synthetic \/ Textile<br \/>\nInnenmaterial: Textil<br \/>\nSohle: Gummi<br \/>\nVerschluss: Schnellverschluss<br \/>\nAbsatzh\u00f6he: 1 cm<br \/>\nAbsatzform: Flach<br \/>\nMaterialzusammensetzung: Synthetik<br \/>\nSchuhweite: Nomal<br \/>\nNicht wasserdicht<br \/>\n<div class=\"main-cross-sell\" data-asin=\"B07KWB99PY\">\n\n\t<div class=\"WooZone-cross-sell-loader\">\n\t\t<div>\n\t\t\t<div id=\"floatingBarsG\">\n\t\t\t\t<div class=\"blockG\" id=\"rotateG_01\"><\/div>\n\t\t\t\t<div class=\"blockG\" id=\"rotateG_02\"><\/div>\n\t\t\t\t<div class=\"blockG\" id=\"rotateG_03\"><\/div>\n\t\t\t\t<div class=\"blockG\" id=\"rotateG_04\"><\/div>\n\t\t\t\t<div class=\"blockG\" id=\"rotateG_05\"><\/div>\n\t\t\t\t<div class=\"blockG\" id=\"rotateG_06\"><\/div>\n\t\t\t\t<div class=\"blockG\" id=\"rotateG_07\"><\/div>\n\t\t\t\t<div class=\"blockG\" id=\"rotateG_08\"><\/div>\n\t\t\t<\/div>\n\t\t\t<div class=\"WooZone-cross-sell-loader-text\"><\/div>\n\t\t<\/div>\n\t<\/div>\n\n\t\t\n<\/div>\n<div style=\"clear:both;\"><\/div><\/p>\n","protected":false},"excerpt":{"rendered":"<p>Obermaterial: Synthetic \/ Textile<br \/>\nInnenmaterial: Textil<br \/>\nSohle: Gummi<\/p>\n","protected":false},"featured_media":17994,"comment_status":"open","ping_status":"closed","template":"","meta":[],"product_cat":[7072,7073],"product_tag":[],"_links":{"self":[{"href":"http:\/\/campingland24.com\/index.php?rest_route=\/wp\/v2\/product\/17993"}],"collection":[{"href":"http:\/\/campingland24.com\/index.php?rest_route=\/wp\/v2\/product"}],"about":[{"href":"http:\/\/campingland24.com\/index.php?rest_route=\/wp\/v2\/types\/product"}],"replies":[{"embeddable":true,"href":"http:\/\/campingland24.com\/index.php?rest_route=%2Fwp%2Fv2%2Fcomments&post=17993"}],"version-history":[{"count":11,"href":"http:\/\/campingland24.com\/index.php?rest_route=\/wp\/v2\/product\/17993\/revisions"}],"predecessor-version":[{"id":20037,"href":"http:\/\/campingland24.com\/index.php?rest_route=\/wp\/v2\/product\/17993\/revisions\/20037"}],"wp:featuredmedia":[{"embeddable":true,"href":"http:\/\/campingland24.com\/index.php?rest_route=\/wp\/v2\/media\/17994"}],"wp:attachment":[{"href":"http:\/\/campingland24.com\/index.php?rest_route=%2Fwp%2Fv2%2Fmedia&parent=17993"}],"wp:term":[{"taxonomy":"product_cat","embeddable":true,"href":"http:\/\/campingland24.com\/index.php?rest_route=%2Fwp%2Fv2%2Fproduct_cat&post=17993"},{"taxonomy":"product_tag","embeddable":true,"href":"http:\/\/campingland24.com\/index.php?rest_route=%2Fwp%2Fv2%2Fproduct_tag&post=17993"}],"curies":[{"name":"wp","href":"https:\/\/api.w.org\/{rel}","templated":true}]}}