{"id":18029,"date":"2021-07-30T08:52:18","date_gmt":"2021-07-30T08:52:18","guid":{"rendered":"http:\/\/campingland24.com\/?product=salewa-herren-ms-ultra-train-3-traillaufschuhe"},"modified":"2023-02-23T18:54:35","modified_gmt":"2023-02-23T18:54:35","slug":"salewa-herren-ms-ultra-train-3-traillaufschuhe","status":"publish","type":"product","link":"http:\/\/campingland24.com\/?product=salewa-herren-ms-ultra-train-3-traillaufschuhe","title":{"rendered":"Salewa Herren Ms Ultra Train 3 Traillaufschuhe"},"content":{"rendered":"<p><!-- show up to 2 reviews by default --> <\/p>\n<p>De Ultra Train 3 is de 3e generatie van onze succesvolle speed wandelschoenen. Hij is zowel ontworpen voor gebruik op verharde wegen als voor tochten in het terrein. De voorvoet is omhuld in een ademend mesh-bovenmateriaal dat op zwaar belaste gebieden met een TPU-coating is versterkt. Met de Motion Guidance-technologie werken buitenzool en tussenzool samen om de natuurlijke voetbeweging te ondersteunen en stabiliteit op elk terrein te garanderen. Het functionele 3F-systeem zorgt voor flexibiliteit, een perfecte pasvorm en veilige grip. De hielkap voorkomt wegglijden van de hiel en verhoogt de stabiliteit en beschermingsfunctie van de schoen. Het OrthoLite-voetbed zorgt voor extra demping, voert vocht af en houdt de voeten koel en droog. Een stretch-beenkappen aan de lus voorkomt dat vuil of vreemde voorwerpen in de schoen terechtkomen.<\/p>\n<p>Der Ultra Train 3 ist die 3. Generation unseres erfolgreichen Speed Hiking Schuhes. Er ist sowohl f\u00fcr den Einsatz auf befestigten Wegen als auch f\u00fcr Touren im Gel\u00e4nde ausgelegt. Der Vorfu\u00df ist in ein atmungsaktives Mesh-Obermaterial geh\u00fcllt, das in stark beanspruchten Bereichen mit einer TPU-Beschichtung verst\u00e4rkt ist. Mit der Motion Guidance-Technologie wirken Au\u00dfensohle und Zwischensohle zusammen, um die nat\u00fcrliche Fu\u00dfbewegung zu unterst\u00fctzen und Trittsicherheit und Stabilit\u00e4t auf jedem Terrain zu gew\u00e4hrleisten. Das funktionelle 3F-System sorgt f\u00fcr Flexibilit\u00e4t, einen passgenauen Sitz und sicheren Halt. Die Fersenkappe verhindert ein Abrutschen der Ferse und erh\u00f6ht die Stabilit\u00e4t und Schutzfunktion des Schuhs. Das OrthoLite-Fu\u00dfbett sorgt f\u00fcr zus\u00e4tzliche D\u00e4mpfung, leitet Feuchtigkeit ab und h\u00e4lt die F\u00fc\u00dfe k\u00fchl und trocken. Eine Stretch-Gamasche an der Lasche verhindert, dass Schmutz oder Fremdk\u00f6rper in den Schuh gelangen.<\/p>\n<p>Ultra Train 3, nesil ba\u015far\u0131l\u0131 Speed y\u00fcr\u00fcy\u00fc\u015f ayakkab\u0131s\u0131d\u0131r. Hem sabitlenen yollarda kullan\u0131m hem de arazi turlar\u0131 i\u00e7in tasarlanm\u0131\u015ft\u0131r. \u00d6n ayak nefes alan file \u00fcst malzeme ile kaplanm\u0131\u015ft\u0131r, yo\u011fun kullan\u0131lan alanlarda TPU kaplama ile g\u00fc\u00e7lendirilmi\u015ftir. Motion Guidance teknolojisi ile d\u0131\u015f taban ve ara taban birlikte etki eder, b\u00f6ylece do\u011fal ayak hareketini destekler ve her arazide basma g\u00fcvenli\u011fi ve sa\u011flaml\u0131k sa\u011flan\u0131r. Fonksiyonel 3F sistemi esneklik, tam uyumlu bir oturma ve g\u00fcvenli tutu\u015f sa\u011flar. Topuk kapa\u011f\u0131 topu\u011fun kaymas\u0131n\u0131 \u00f6nler ve ayakkab\u0131n\u0131n sa\u011flaml\u0131\u011f\u0131n\u0131 ve koruma fonksiyonunu art\u0131r\u0131r. OrthoLite ayakkab\u0131 taban\u0131 ek s\u00f6n\u00fcmleme sa\u011flar, nemi d\u0131\u015far\u0131 atar ve ayaklar\u0131 serin ve kuru tutar. Dil k\u0131sm\u0131ndaki stre\u00e7 tozluk kir veya yabanc\u0131 cisimlerin ayakkab\u0131ya girmesini \u00f6nler.<\/p>\n<p>Ultra Train 3 je 3. generace na\u0161\u00ed \u00fasp\u011b\u0161n\u00e9 boty Speed Hiking. Je dimenzov\u00e1n jak pro pou\u017eit\u00ed na p\u0159ipevn\u011bn\u00fdch cest\u00e1ch, tak i pro v\u00fdlety v ter\u00e9nu. P\u0159edn\u00ed \u010d\u00e1st je pota\u017eena prody\u0161n\u00fdm svrchn\u00edm materi\u00e1lem Mesh, kter\u00fd je v siln\u011b nam\u00e1han\u00fdch oblastech zes\u00edlen\u00fd vrstvou TPU. S technologi\u00ed Motion Guidance p\u016fsob\u00ed vn\u011bj\u0161\u00ed podr\u00e1\u017eka a mezipode\u0161ev dohromady, aby podpo\u0159ila p\u0159irozen\u00fd pohyb nohy a zajistila bezpe\u010dnost p\u0159i ch\u016fzi a stabilitu na ka\u017ed\u00e9m ter\u00e9nu. Funk\u010dn\u00ed 3F syst\u00e9m zaji\u0161\u0165uje flexibilitu, p\u0159esn\u011b sed\u00ed a bezpe\u010dn\u011b dr\u017e\u00ed. \u0160pi\u010dka na pat\u011b zabra\u0148uje sklouznut\u00ed paty a zvy\u0161uje stabilitu a ochrannou funkci boty. Vlo\u017eka OrthoLite zaji\u0161\u0165uje dodate\u010dn\u00e9 tlumen\u00ed, odv\u00e1d\u00ed vlhkost a udr\u017euje nohy v chladu a suchu. Stre\u010dov\u00fd kama\u0161e na spon\u011b zabra\u0148uje tomu, aby se do boty nedostaly \u0161p\u00edna nebo ciz\u00edho t\u011blu.<\/p>\n<p>The Ultra Train 3 is the 3rd generation of our successful speed hiking shoe. It is designed for use on fixed paths as well as for off-road tours. The forefoot is wrapped in a breathable mesh upper, which is reinforced with a TPU coating in high wear areas. With Motion Guidance technology, the outsole and midsole work together to support natural foot movement and ensure tread safety and stability on any terrain. The functional 3F system ensures flexibility, a snug fit and a secure fit. The heel cap prevents the heel from slipping and increases the stability and protective function of the shoe. The OrthoLite footbed provides additional cushioning, wicks away moisture and keeps feet cool and dry. A stretch gaiter on the tab prevents dirt or foreign objects from getting into the shoe.<\/p>\n<p>Ultra Train 3 to 3. generacja but\u00f3w trekkingowych Speed Hiking. Zaprojektowany zar\u00f3wno do stosowania na utwardzonych drogach, jak i na wycieczkach w terenie. Przednia cz\u0119\u015b\u0107 stopy jest pokryta oddychaj\u0105c\u0105 siateczk\u0105, kt\u00f3ra jest wzmocniona pow\u0142ok\u0105 TPU w obszarach silnie nara\u017conych na obci\u0105\u017cenia. Dzi\u0119ki technologii Motion Guidance podeszwa zewn\u0119trzna i podeszwa \u015brodkowa wsp\u00f3\u0142pracuj\u0105 ze sob\u0105, aby wspiera\u0107 naturalny ruch stopy i zapewni\u0107 bezpiecze\u0144stwo i stabilno\u015b\u0107 na ka\u017cdym terenie. Funkcjonalny system 3F zapewnia elastyczno\u015b\u0107, dok\u0142adne dopasowanie i bezpieczne trzymanie. Nasadka na pi\u0119cie zapobiega ze\u015blizgiwaniu si\u0119 pi\u0119ty i zwi\u0119ksza stabilno\u015b\u0107 i funkcj\u0119 ochronn\u0105 buta. Wk\u0142adka OrthoLite zapewnia dodatkow\u0105 amortyzacj\u0119, odprowadza wilgo\u0107 i utrzymuje stopy ch\u0142odne i suche. Rozci\u0105gliwy ochraniacz na klapce zapobiega przedostawaniu si\u0119 brudu lub cia\u0142 obcych do buta. <\/p>\n<p>Obermaterial: Synthetisch<br \/>\nInnenmaterial: Mesh<br \/>\nSohle: Synthetik<br \/>\nVerschluss: Schn\u00fcrsenkel<br \/>\nAbsatzform: Flach<br \/>\nSchuhweite: Schmal<br \/>\nNicht wasserdicht<br \/>\n<div class=\"main-cross-sell\" data-asin=\"B08B1MWMF7\">\n\n\t<div class=\"WooZone-cross-sell-loader\">\n\t\t<div>\n\t\t\t<div id=\"floatingBarsG\">\n\t\t\t\t<div class=\"blockG\" id=\"rotateG_01\"><\/div>\n\t\t\t\t<div class=\"blockG\" id=\"rotateG_02\"><\/div>\n\t\t\t\t<div class=\"blockG\" id=\"rotateG_03\"><\/div>\n\t\t\t\t<div class=\"blockG\" id=\"rotateG_04\"><\/div>\n\t\t\t\t<div class=\"blockG\" id=\"rotateG_05\"><\/div>\n\t\t\t\t<div class=\"blockG\" id=\"rotateG_06\"><\/div>\n\t\t\t\t<div class=\"blockG\" id=\"rotateG_07\"><\/div>\n\t\t\t\t<div class=\"blockG\" id=\"rotateG_08\"><\/div>\n\t\t\t<\/div>\n\t\t\t<div class=\"WooZone-cross-sell-loader-text\"><\/div>\n\t\t<\/div>\n\t<\/div>\n\n\t\t\n<\/div>\n<div style=\"clear:both;\"><\/div><\/p>\n","protected":false},"excerpt":{"rendered":"<p>Obermaterial: Synthetisch<br \/>\nInnenmaterial: Mesh<br \/>\nSohle: Synthetik<\/p>\n","protected":false},"featured_media":18030,"comment_status":"open","ping_status":"closed","template":"","meta":[],"product_cat":[7072,7073],"product_tag":[],"_links":{"self":[{"href":"http:\/\/campingland24.com\/index.php?rest_route=\/wp\/v2\/product\/18029"}],"collection":[{"href":"http:\/\/campingland24.com\/index.php?rest_route=\/wp\/v2\/product"}],"about":[{"href":"http:\/\/campingland24.com\/index.php?rest_route=\/wp\/v2\/types\/product"}],"replies":[{"embeddable":true,"href":"http:\/\/campingland24.com\/index.php?rest_route=%2Fwp%2Fv2%2Fcomments&post=18029"}],"version-history":[{"count":1,"href":"http:\/\/campingland24.com\/index.php?rest_route=\/wp\/v2\/product\/18029\/revisions"}],"predecessor-version":[{"id":18954,"href":"http:\/\/campingland24.com\/index.php?rest_route=\/wp\/v2\/product\/18029\/revisions\/18954"}],"wp:featuredmedia":[{"embeddable":true,"href":"http:\/\/campingland24.com\/index.php?rest_route=\/wp\/v2\/media\/18030"}],"wp:attachment":[{"href":"http:\/\/campingland24.com\/index.php?rest_route=%2Fwp%2Fv2%2Fmedia&parent=18029"}],"wp:term":[{"taxonomy":"product_cat","embeddable":true,"href":"http:\/\/campingland24.com\/index.php?rest_route=%2Fwp%2Fv2%2Fproduct_cat&post=18029"},{"taxonomy":"product_tag","embeddable":true,"href":"http:\/\/campingland24.com\/index.php?rest_route=%2Fwp%2Fv2%2Fproduct_tag&post=18029"}],"curies":[{"name":"wp","href":"https:\/\/api.w.org\/{rel}","templated":true}]}}