{"id":18035,"date":"2021-07-30T08:52:22","date_gmt":"2021-07-30T08:52:22","guid":{"rendered":"http:\/\/campingland24.com\/?product=salewa-unisex-kinder-jr-alp-trainer-mid-gore-tex-trekking-wanderstiefel"},"modified":"2023-02-23T18:54:35","modified_gmt":"2023-02-23T18:54:35","slug":"salewa-unisex-kinder-jr-alp-trainer-mid-gore-tex-trekking-wanderstiefel","status":"publish","type":"product","link":"http:\/\/campingland24.com\/?product=salewa-unisex-kinder-jr-alp-trainer-mid-gore-tex-trekking-wanderstiefel","title":{"rendered":"Salewa Unisex Kinder Jr Alp Trainer Mid Gore-tex Trekking-&amp; Wanderstiefel"},"content":{"rendered":"<p><!-- show up to 2 reviews by default --> <\/p>\n<p>Der Alp Trainer Mid GTX ist ein mittelhoher Bergschuh zum Wandern mit GORE-TEX Extended Comfort Technologie und ist damit &#8222;rundum&#8220; wasserdicht und atmungsaktiv in allen Temperaturbereichen. Die Membran ist nach innen wasserdicht, w\u00e4hrend Schwei\u00df und W\u00e4rme nach au\u00dfen abgeleitet wird. Da der Schuh nicht gef\u00fcttert ist, eignet er sich ideal f\u00fcr diejenigen, die eine komfortable und atmungsaktive L\u00f6sung suchen. Der Oberschuh des Bergschuh ist aus Wildleder gefertigt und mit einer sch\u00fctzenden Gummischicht eingefasst. Die strapazierf\u00e4hige und anpassungsf\u00e4hige Vibram Hike Approach-Sohle ist f\u00fcr viele Gel\u00e4ndearten im Gebirge geeignet. Der Alp Trainer Mid GTX kombiniert die patentierten SALEWA-Technologien f\u00fcr eine Alpine Fit 100% Blasenfrei-Garantie: Flexibles Multi-Fit Fu\u00dfbett Plus (MFF) mit herausnehmbaren Einlagen zur Anpassung an die individuelle Fu\u00dfform, Kletterschuh-Schn\u00fcrsystem bis in den Zehenbereich f\u00fcr eine pr\u00e4zisere Passform und 3F-System f\u00fcr festen Halt im Fersen- und Kn\u00f6chelbereich. <\/p>\n<p>Obermaterial: Coated fabric, Mesh, Suede<br \/>\nInnenmaterial: Mesh<br \/>\nSohle: Ortholite<br \/>\nVerschluss: Schn\u00fcrsenkel<br \/>\nAbsatzform: Flach<br \/>\nSchuhweite: Normal<br \/>\nWasserdicht<br \/>\n<div class=\"main-cross-sell\" data-asin=\"B07S3X8BMJ\">\n\n\t<div class=\"WooZone-cross-sell-loader\">\n\t\t<div>\n\t\t\t<div id=\"floatingBarsG\">\n\t\t\t\t<div class=\"blockG\" id=\"rotateG_01\"><\/div>\n\t\t\t\t<div class=\"blockG\" id=\"rotateG_02\"><\/div>\n\t\t\t\t<div class=\"blockG\" id=\"rotateG_03\"><\/div>\n\t\t\t\t<div class=\"blockG\" id=\"rotateG_04\"><\/div>\n\t\t\t\t<div class=\"blockG\" id=\"rotateG_05\"><\/div>\n\t\t\t\t<div class=\"blockG\" id=\"rotateG_06\"><\/div>\n\t\t\t\t<div class=\"blockG\" id=\"rotateG_07\"><\/div>\n\t\t\t\t<div class=\"blockG\" id=\"rotateG_08\"><\/div>\n\t\t\t<\/div>\n\t\t\t<div class=\"WooZone-cross-sell-loader-text\"><\/div>\n\t\t<\/div>\n\t<\/div>\n\n\t\t\n<\/div>\n<div style=\"clear:both;\"><\/div><\/p>\n","protected":false},"excerpt":{"rendered":"<p>Obermaterial: Coated fabric, Mesh, Suede<br \/>\nInnenmaterial: Mesh<br \/>\nSohle: Ortholite<\/p>\n","protected":false},"featured_media":18036,"comment_status":"open","ping_status":"closed","template":"","meta":[],"product_cat":[7072,7073],"product_tag":[],"_links":{"self":[{"href":"http:\/\/campingland24.com\/index.php?rest_route=\/wp\/v2\/product\/18035"}],"collection":[{"href":"http:\/\/campingland24.com\/index.php?rest_route=\/wp\/v2\/product"}],"about":[{"href":"http:\/\/campingland24.com\/index.php?rest_route=\/wp\/v2\/types\/product"}],"replies":[{"embeddable":true,"href":"http:\/\/campingland24.com\/index.php?rest_route=%2Fwp%2Fv2%2Fcomments&post=18035"}],"version-history":[{"count":1,"href":"http:\/\/campingland24.com\/index.php?rest_route=\/wp\/v2\/product\/18035\/revisions"}],"predecessor-version":[{"id":18956,"href":"http:\/\/campingland24.com\/index.php?rest_route=\/wp\/v2\/product\/18035\/revisions\/18956"}],"wp:featuredmedia":[{"embeddable":true,"href":"http:\/\/campingland24.com\/index.php?rest_route=\/wp\/v2\/media\/18036"}],"wp:attachment":[{"href":"http:\/\/campingland24.com\/index.php?rest_route=%2Fwp%2Fv2%2Fmedia&parent=18035"}],"wp:term":[{"taxonomy":"product_cat","embeddable":true,"href":"http:\/\/campingland24.com\/index.php?rest_route=%2Fwp%2Fv2%2Fproduct_cat&post=18035"},{"taxonomy":"product_tag","embeddable":true,"href":"http:\/\/campingland24.com\/index.php?rest_route=%2Fwp%2Fv2%2Fproduct_tag&post=18035"}],"curies":[{"name":"wp","href":"https:\/\/api.w.org\/{rel}","templated":true}]}}