{"id":18039,"date":"2021-07-30T08:52:24","date_gmt":"2021-07-30T08:52:24","guid":{"rendered":"http:\/\/campingland24.com\/?product=ulogu-herren-damen-wanderschuhe-wasserdicht-rutschfest-trekking-wanderstiefel"},"modified":"2023-02-23T18:54:35","modified_gmt":"2023-02-23T18:54:35","slug":"ulogu-herren-damen-wanderschuhe-wasserdicht-rutschfest-trekking-wanderstiefel","status":"publish","type":"product","link":"http:\/\/campingland24.com\/?product=ulogu-herren-damen-wanderschuhe-wasserdicht-rutschfest-trekking-wanderstiefel","title":{"rendered":"Ulogu Herren Damen Wanderschuhe Wasserdicht rutschfest Trekking-&amp; Wanderstiefel"},"content":{"rendered":"<div class=\"celwidget aplus-module module-11 aplus-standard\">\n<div data-a-expander-name=\"aplus-module-expander\" data-a-expander-collapsed-height=\"360\" class=\"a-expander-collapsed-height a-row a-expander-container a-expander-partial-collapse-container\">\n<div class=\"a-expander-content a-expander-partial-collapse-content\">\n<div class=\"aplus-module-wrapper apm-spacing apm-floatnone apm-fixed-width\">\n<div class=\"apm-sidemodule aplus-module-content\">\n<div class=\"apm-hero-image\"> <img alt=\" \" src=\"https:\/\/images-na.ssl-images-amazon.com\/images\/G\/01\/x-locale\/common\/grey-pixel.gif\" class=\"a-lazy-loaded\" data-src=\"https:\/\/m.media-amazon.com\/images\/S\/aplus-media\/sc\/faccc763-93ea-4681-92c7-2c43ef70ed0e.__CR0,0,970,300_PT0_SX970_V1___.jpg\"><img alt=\" \" src=\"https:\/\/m.media-amazon.com\/images\/S\/aplus-media\/sc\/faccc763-93ea-4681-92c7-2c43ef70ed0e.__CR0,0,970,300_PT0_SX970_V1___.jpg\"> <\/div>\n<\/p><\/div>\n<\/p><\/div>\n<div><\/div>\n<\/p><\/div>\n<div class=\"a-expander-header a-expander-partial-collapse-header a-text-left\">\n<div class=\"a-expander-content-fade\"><\/div>\n<p><a href=\"void(0)\" data-action=\"a-expander-toggle\" class=\"a-declarative\" data-a-expander-toggle=\"{\"><i class=\"a-icon a-icon-extender-expand\"><\/i><span class=\"a-expander-prompt\">Mehr lesen<\/span><\/a><\/div>\n<\/p><\/div>\n<\/p><\/div>\n<div class=\"celwidget aplus-module 3p-module-b aplus-standard\">\n<div class=\"aplus-module-wrapper aplus-3p-fixed-width\"> <img alt=\" \" src=\"https:\/\/images-na.ssl-images-amazon.com\/images\/G\/01\/x-locale\/common\/grey-pixel.gif\" class=\"a-spacing-base a-lazy-loaded\" data-src=\"https:\/\/m.media-amazon.com\/images\/S\/aplus-media\/sc\/79c06435-8373-4020-bc81-e84faac68905.__CR0,0,970,600_PT0_SX970_V1___.jpg\"><img alt=\" \" src=\"https:\/\/m.media-amazon.com\/images\/S\/aplus-media\/sc\/79c06435-8373-4020-bc81-e84faac68905.__CR0,0,970,600_PT0_SX970_V1___.jpg\"> <\/p>\n<h3 class=\"a-spacing-mini\"> Ulogu Wanderschuhe Herren Trekkingschuhe Damen Outdoor Schuhe Wanderstiefel <\/h3>\n<p class=\"a-spacing-base\"> Am Wochenende gibt&#8217;s f\u00fcr dich nichts Sch\u00f6neres als kilometerweite Wanderungen durchs Hinterland? Wir haben den Wanderschuh extra f\u00fcr moderate Wanderungen entwickelt. Die Bergwanderschuh, sportlich und modisch. Egal ob du am Flussufer entlangspazierst oder ein paar H\u00f6henmeter im Mittelgebirge sammelst &#8211; mit der griffigen Sohle hast du \u00fcberall guten Halt. Garantiert maximalen Komfort und Stabilit\u00e4t durch die besondere St\u00fctze im Kn\u00f6chelbereich. <\/p>\n<\/p><\/div>\n<\/p><\/div>\n<div class=\"celwidget aplus-module module-8 aplus-standard\">\n<div data-a-expander-name=\"aplus-module-expander\" data-a-expander-collapsed-height=\"700\" class=\"a-expander-collapsed-height a-row a-expander-container a-expander-partial-collapse-container\">\n<div class=\"a-expander-content a-expander-partial-collapse-content\">\n<div class=\"aplus-module-wrapper apm-fixed-width\">\n<div class=\"apm-spacing\">\n<div class=\"apm-lefttwothirdswrap apm-floatleft\">\n<div class=\"apm-leftimage\"> <img alt=\" \" src=\"https:\/\/images-na.ssl-images-amazon.com\/images\/G\/01\/x-locale\/common\/grey-pixel.gif\" class=\"a-spacing-mini a-lazy-loaded\" data-src=\"https:\/\/m.media-amazon.com\/images\/S\/aplus-media\/sc\/b6fea751-159f-425d-ba8a-b52b38a90040.__CR0,0,300,300_PT0_SX300_V1___.jpg\"><img alt=\" \" src=\"https:\/\/m.media-amazon.com\/images\/S\/aplus-media\/sc\/b6fea751-159f-425d-ba8a-b52b38a90040.__CR0,0,300,300_PT0_SX300_V1___.jpg\"> <\/div>\n<div class=\"apm-centerthirdcol\">\n<h3 class=\"a-spacing-mini\"> Trekking-wanderschuhe <\/h3>\n<p class=\"a-spacing-base\"> Die Wanderschuhe eignen sich perfekt zum Wandern bei jedem Wetter. Dieser High top Trekkingschuhe ist sowohl wasserfest als auch atmungsaktiv. Die nahtversiegelte Membrankonstruktion ist leicht und langlebig. <\/p>\n<p class=\"a-spacing-base\"> Es ist ein multifunktionaler Wanderschuhe, der f\u00fcr Outdoor, Arbeit, Freizeit, Wandern, Camping, Skifahren, Wandern, Autofahren, Reisen usw. geeignet ist. <\/p>\n<p class=\"a-spacing-base\"> Das klassische Design der Wanderstiefel und die wunderbaren Trageeigenschaften bieten Ihnen den ganzen Tag Komfort, bieten Ihrem Fu\u00df vollen Schutz und sind flexibel. <\/p>\n<\/p><\/div>\n<\/p><\/div>\n<div class=\"apm-rightthirdcol\">\n<div class=\"apm-rightthirdcol-inner\">\n<h4> Weitere Details <\/h4>\n<div class=\"a-box a-spacing-small a-color-alternate-background apm-listbox\">\n<div class=\"a-box-inner\">\n<ul class=\"a-unordered-list a-vertical\">\n<li><span class=\"a-list-item\"> <span class=\"a-size-base\"> stabilisierender Schaftaufbau aus Synthetik <\/span> <\/span><\/li>\n<li><span class=\"a-list-item\"> <span class=\"a-size-base\"> sch\u00fctzende Zehen- und Fersenkappe aus Gummi <\/span> <\/span><\/li>\n<li><span class=\"a-list-item\"> <span class=\"a-size-base\"> Schn\u00fcrhaken am oberen Schaftende f\u00fcr pr\u00e4zise Schn\u00fcrung <\/span> <\/span><\/li>\n<\/ul>\n<\/div>\n<\/div><\/div>\n<\/p><\/div>\n<\/p><\/div>\n<\/p><\/div>\n<div><\/div>\n<\/p><\/div>\n<div class=\"a-expander-header a-expander-partial-collapse-header a-text-left\">\n<div class=\"a-expander-content-fade\"><\/div>\n<p><a href=\"void(0)\" data-action=\"a-expander-toggle\" class=\"a-declarative\" data-a-expander-toggle=\"{\"><i class=\"a-icon a-icon-extender-expand\"><\/i><span class=\"a-expander-prompt\">Mehr lesen<\/span><\/a><\/div>\n<\/p><\/div>\n<\/p><\/div>\n<div class=\"celwidget aplus-module module-9 aplus-standard\">\n<div data-a-expander-name=\"aplus-module-expander\" data-a-expander-collapsed-height=\"700\" class=\"a-expander-collapsed-height a-row a-expander-container a-expander-partial-collapse-container\">\n<div class=\"a-expander-content a-expander-partial-collapse-content\">\n<div class=\"aplus-module-wrapper apm-fixed-width\">\n<div class=\"apm-spacing apm-fixed-width\">\n<table class=\"apm-fixed-width apm-eventhirdcol-table\">\n<tbody>\n<tr>\n<th class=\"apm-center\">\n<div class=\"apm-eventhirdcol apm-floatleft\">\n<p> <img alt=\" \" src=\"https:\/\/images-na.ssl-images-amazon.com\/images\/G\/01\/x-locale\/common\/grey-pixel.gif\" class=\"a-spacing-mini a-lazy-loaded\" data-src=\"https:\/\/m.media-amazon.com\/images\/S\/aplus-media\/sc\/724296dd-d625-4f01-a1d0-dd2a80159581.__CR0,0,300,300_PT0_SX300_V1___.jpg\"><\/p>\n<p><img alt=\" \" src=\"https:\/\/m.media-amazon.com\/images\/S\/aplus-media\/sc\/724296dd-d625-4f01-a1d0-dd2a80159581.__CR0,0,300,300_PT0_SX300_V1___.jpg\"> <\/div>\n<\/th>\n<th class=\"apm-center\">\n<div class=\"apm-eventhirdcol apm-floatleft\">\n<p> <img alt=\" \" src=\"https:\/\/images-na.ssl-images-amazon.com\/images\/G\/01\/x-locale\/common\/grey-pixel.gif\" class=\"a-spacing-mini a-lazy-loaded\" data-src=\"https:\/\/m.media-amazon.com\/images\/S\/aplus-media\/sc\/6eaa62ab-bb62-499c-b8b0-927e1b226dbc.__CR0,0,300,300_PT0_SX300_V1___.jpg\"><\/p>\n<p><img alt=\" \" src=\"https:\/\/m.media-amazon.com\/images\/S\/aplus-media\/sc\/6eaa62ab-bb62-499c-b8b0-927e1b226dbc.__CR0,0,300,300_PT0_SX300_V1___.jpg\"> <\/div>\n<\/th>\n<th class=\"apm-center\">\n<div class=\"apm-eventhirdcol apm-floatleft\">\n<p> <img alt=\" \" src=\"https:\/\/images-na.ssl-images-amazon.com\/images\/G\/01\/x-locale\/common\/grey-pixel.gif\" class=\"a-spacing-mini a-lazy-loaded\" data-src=\"https:\/\/m.media-amazon.com\/images\/S\/aplus-media\/sc\/d2cb9bb7-d539-4a87-a82f-c764c18a8ecb.__CR0,0,300,300_PT0_SX300_V1___.jpg\"><\/p>\n<p><img alt=\" \" src=\"https:\/\/m.media-amazon.com\/images\/S\/aplus-media\/sc\/d2cb9bb7-d539-4a87-a82f-c764c18a8ecb.__CR0,0,300,300_PT0_SX300_V1___.jpg\"> <\/div>\n<\/th>\n<\/tr>\n<tr>\n<td class=\"apm-top\">\n<div class=\"apm-eventhirdcol apm-floatleft\">\n<h4 class=\"a-spacing-mini\"> Wasserdicht Wanderschuhe <\/h4>\n<p> Wenn Sie sehr begeisterter Wanderer sind, sind diese Wanderschuhe f\u00fcr Ihre Bed\u00fcrfnisse, aus Mikrofaser ausgestattet,wasserfest, Atmungsaktiv und h\u00e4lt die F\u00fc\u00dfe trocken. Die Trekkingschuhe Perfekt f\u00fcr Outdoor Wandern. <\/p>\n<\/p><\/div>\n<\/td>\n<td class=\"apm-top\">\n<div class=\"apm-eventhirdcol apm-floatleft\">\n<h4 class=\"a-spacing-mini\"> Verst\u00e4rkte Zehenschutz und Kn\u00f6chelst\u00fctze <\/h4>\n<p> Starke Gummi Zehen, hilft, Ihre Zehen sicher zu halten. Garantiert Wanderschuhe maximalen Komfort und Stabilit\u00e4t durch die besondere St\u00fctze im Kn\u00f6chelbereich und Fersenschutz auf der Innenseite. <\/p>\n<\/p><\/div>\n<\/td>\n<td class=\"apm-top\">\n<div class=\"apm-eventhirdcol apm-floatleft\">\n<h4 class=\"a-spacing-mini\"> Rutschfeste strapazierf\u00e4hige Gummisohle <\/h4>\n<p> Gleichzeitig sind Wanderschuhe sie robust mit griffigen Sohlen f\u00fcr gute Reibung und sicheren Halt und Traktionstechnologie. Starte mit unseren Approach-Schuhen dein n\u00e4chstes Kletterabenteuer. <\/p>\n<\/p><\/div>\n<\/td>\n<\/tr>\n<\/tbody>\n<\/table>\n<\/div><\/div>\n<div><\/div>\n<\/p><\/div>\n<div class=\"a-expander-header a-expander-partial-collapse-header a-text-left\">\n<div class=\"a-expander-content-fade\"><\/div>\n<p><a href=\"void(0)\" data-action=\"a-expander-toggle\" class=\"a-declarative\" data-a-expander-toggle=\"{\"><i class=\"a-icon a-icon-extender-expand\"><\/i><span class=\"a-expander-prompt\">Mehr lesen<\/span><\/a><\/div>\n<\/p><\/div>\n<\/p><\/div>\n<div class=\"celwidget aplus-module 3p-module-b aplus-standard\">\n<div class=\"aplus-module-wrapper aplus-3p-fixed-width\"> <img alt=\" \" src=\"https:\/\/images-na.ssl-images-amazon.com\/images\/G\/01\/x-locale\/common\/grey-pixel.gif\" class=\"a-spacing-base a-lazy-loaded\" data-src=\"https:\/\/m.media-amazon.com\/images\/S\/aplus-media\/sc\/4ef3f827-629b-4397-b398-ec782e1e7624.__CR0,0,970,600_PT0_SX970_V1___.jpg\"><img alt=\" \" src=\"https:\/\/m.media-amazon.com\/images\/S\/aplus-media\/sc\/4ef3f827-629b-4397-b398-ec782e1e7624.__CR0,0,970,600_PT0_SX970_V1___.jpg\"> <\/div>\n<\/p><\/div>\n<div class=\"celwidget aplus-module module-9 aplus-standard\">\n<div data-a-expander-name=\"aplus-module-expander\" data-a-expander-collapsed-height=\"700\" class=\"a-expander-collapsed-height a-row a-expander-container a-expander-partial-collapse-container\">\n<div class=\"a-expander-content a-expander-partial-collapse-content\">\n<div class=\"aplus-module-wrapper apm-fixed-width\">\n<div class=\"apm-spacing apm-fixed-width\">\n<table class=\"apm-fixed-width apm-eventhirdcol-table\">\n<tbody>\n<tr>\n<th class=\"apm-center\">\n<div class=\"apm-eventhirdcol apm-floatleft\">\n<p> <img alt=\" \" src=\"https:\/\/images-na.ssl-images-amazon.com\/images\/G\/01\/x-locale\/common\/grey-pixel.gif\" class=\"a-spacing-mini a-lazy-loaded\" data-src=\"https:\/\/m.media-amazon.com\/images\/S\/aplus-media\/sc\/af37e1eb-e151-474f-8dad-e1d1d56de1f3.__CR0,0,300,300_PT0_SX300_V1___.jpg\"><\/p>\n<p><img alt=\" \" src=\"https:\/\/m.media-amazon.com\/images\/S\/aplus-media\/sc\/af37e1eb-e151-474f-8dad-e1d1d56de1f3.__CR0,0,300,300_PT0_SX300_V1___.jpg\"> <\/div>\n<\/th>\n<th class=\"apm-center\">\n<div class=\"apm-eventhirdcol apm-floatleft\">\n<p> <img alt=\" \" src=\"https:\/\/images-na.ssl-images-amazon.com\/images\/G\/01\/x-locale\/common\/grey-pixel.gif\" class=\"a-spacing-mini a-lazy-loaded\" data-src=\"https:\/\/m.media-amazon.com\/images\/S\/aplus-media\/sc\/dee7618e-dcc0-4f7a-85ab-aa9a36736032.__CR0,0,300,300_PT0_SX300_V1___.jpg\"><\/p>\n<p><img alt=\" \" src=\"https:\/\/m.media-amazon.com\/images\/S\/aplus-media\/sc\/dee7618e-dcc0-4f7a-85ab-aa9a36736032.__CR0,0,300,300_PT0_SX300_V1___.jpg\"> <\/div>\n<\/th>\n<th class=\"apm-center\">\n<div class=\"apm-eventhirdcol apm-floatleft\">\n<p> <img alt=\" \" src=\"https:\/\/images-na.ssl-images-amazon.com\/images\/G\/01\/x-locale\/common\/grey-pixel.gif\" class=\"a-spacing-mini a-lazy-loaded\" data-src=\"https:\/\/m.media-amazon.com\/images\/S\/aplus-media\/sc\/9ec96974-0e65-4ea8-8c80-c12bd8ccc23e.__CR0,0,300,300_PT0_SX300_V1___.jpg\"><\/p>\n<p><img alt=\" \" src=\"https:\/\/m.media-amazon.com\/images\/S\/aplus-media\/sc\/9ec96974-0e65-4ea8-8c80-c12bd8ccc23e.__CR0,0,300,300_PT0_SX300_V1___.jpg\"> <\/div>\n<\/th>\n<\/tr>\n<tr>\n<td class=\"apm-top\">\n<div class=\"apm-eventhirdcol apm-floatleft\"> <\/div>\n<\/td>\n<td class=\"apm-top\">\n<div class=\"apm-eventhirdcol apm-floatleft\"> <\/div>\n<\/td>\n<td class=\"apm-top\">\n<div class=\"apm-eventhirdcol apm-floatleft\"> <\/div>\n<\/td>\n<\/tr>\n<\/tbody>\n<\/table>\n<\/div><\/div>\n<div><\/div>\n<\/p><\/div>\n<div class=\"a-expander-header a-expander-partial-collapse-header a-text-left\">\n<div class=\"a-expander-content-fade\"><\/div>\n<p><a href=\"void(0)\" data-action=\"a-expander-toggle\" class=\"a-declarative\" data-a-expander-toggle=\"{\"><i class=\"a-icon a-icon-extender-expand\"><\/i><span class=\"a-expander-prompt\">Mehr lesen<\/span><\/a><\/div>\n<\/p><\/div>\n<\/p><\/div>\n<p>Obermaterial: Synthetik. Wanderschuhe aus robustem Veloursleder und abriebfestem Textilmaterial, und ist dennoch atmungsaktiv genug f\u00fcr den ganzen Tag. Auch im Sommer f\u00fcr den Au\u00dfenbereich geeignet.<br \/>\nInnenmaterial: Textil. Das bequem und warm, atmungsaktiv Textilfutter der wanderschuhe, haben Sie auch an feuchten und kalten Tagen warme und trockenen F\u00fc\u00dfe.<br \/>\nSohle: Gummi. Rutschfeste Gummisohle, Durch den guten Grip eignet er sich Leichte, flexible und bequeme Wanderschuhe perfekt f\u00fcrs reisen, wandern und f\u00fcr Ausfl\u00fcge in Mittel und Hoch Gebirgen.<br \/>\nVerschluss: Schn\u00fcrsenkel<br \/>\nAbsatzh\u00f6he: 3 cm<br \/>\nAbsatzform: Flach. Trekking-&amp; Wanderstiefel Perfekt f\u00fcr: Bergwandern, Trekking, Reise, Outdoor, Sport usw.<br \/>\nMaterialzusammensetzung: hochwertiges Kunstleder, Innenfutter, rutschfeste Thermosohle<br \/>\nSchaftweite: Normal<br \/>\nSchuhweite: Schmal<br \/>\nankle-wrap<br \/>\n<div class=\"main-cross-sell\" data-asin=\"B08S375P1R\">\n\n\t<div class=\"WooZone-cross-sell-loader\">\n\t\t<div>\n\t\t\t<div id=\"floatingBarsG\">\n\t\t\t\t<div class=\"blockG\" id=\"rotateG_01\"><\/div>\n\t\t\t\t<div class=\"blockG\" id=\"rotateG_02\"><\/div>\n\t\t\t\t<div class=\"blockG\" id=\"rotateG_03\"><\/div>\n\t\t\t\t<div class=\"blockG\" id=\"rotateG_04\"><\/div>\n\t\t\t\t<div class=\"blockG\" id=\"rotateG_05\"><\/div>\n\t\t\t\t<div class=\"blockG\" id=\"rotateG_06\"><\/div>\n\t\t\t\t<div class=\"blockG\" id=\"rotateG_07\"><\/div>\n\t\t\t\t<div class=\"blockG\" id=\"rotateG_08\"><\/div>\n\t\t\t<\/div>\n\t\t\t<div class=\"WooZone-cross-sell-loader-text\"><\/div>\n\t\t<\/div>\n\t<\/div>\n\n\t\t\n<\/div>\n<div style=\"clear:both;\"><\/div><\/p>\n","protected":false},"excerpt":{"rendered":"<p>Obermaterial: Synthetik. Wanderschuhe aus robustem Veloursleder und abriebfestem Textilmaterial, und ist dennoch atmungsaktiv genug f\u00fcr den ganzen Tag. Auch im Sommer f\u00fcr den Au\u00dfenbereich geeignet.<br \/>\nInnenmaterial: Textil. Das bequem und warm, atmungsaktiv Textilfutter der wanderschuhe, haben Sie auch an feuchten und kalten Tagen warme und trockenen F\u00fc\u00dfe.<br \/>\nSohle: Gummi. Rutschfeste Gummisohle, Durch den guten Grip eignet er sich Leichte, flexible und bequeme Wanderschuhe perfekt f\u00fcrs reisen, wandern und f\u00fcr Ausfl\u00fcge in Mittel und Hoch Gebirgen.<\/p>\n","protected":false},"featured_media":18040,"comment_status":"open","ping_status":"closed","template":"","meta":[],"product_cat":[7072,7073],"product_tag":[],"_links":{"self":[{"href":"http:\/\/campingland24.com\/index.php?rest_route=\/wp\/v2\/product\/18039"}],"collection":[{"href":"http:\/\/campingland24.com\/index.php?rest_route=\/wp\/v2\/product"}],"about":[{"href":"http:\/\/campingland24.com\/index.php?rest_route=\/wp\/v2\/types\/product"}],"replies":[{"embeddable":true,"href":"http:\/\/campingland24.com\/index.php?rest_route=%2Fwp%2Fv2%2Fcomments&post=18039"}],"version-history":[{"count":4,"href":"http:\/\/campingland24.com\/index.php?rest_route=\/wp\/v2\/product\/18039\/revisions"}],"predecessor-version":[{"id":19690,"href":"http:\/\/campingland24.com\/index.php?rest_route=\/wp\/v2\/product\/18039\/revisions\/19690"}],"wp:featuredmedia":[{"embeddable":true,"href":"http:\/\/campingland24.com\/index.php?rest_route=\/wp\/v2\/media\/18040"}],"wp:attachment":[{"href":"http:\/\/campingland24.com\/index.php?rest_route=%2Fwp%2Fv2%2Fmedia&parent=18039"}],"wp:term":[{"taxonomy":"product_cat","embeddable":true,"href":"http:\/\/campingland24.com\/index.php?rest_route=%2Fwp%2Fv2%2Fproduct_cat&post=18039"},{"taxonomy":"product_tag","embeddable":true,"href":"http:\/\/campingland24.com\/index.php?rest_route=%2Fwp%2Fv2%2Fproduct_tag&post=18039"}],"curies":[{"name":"wp","href":"https:\/\/api.w.org\/{rel}","templated":true}]}}