{"id":18047,"date":"2021-07-30T08:52:27","date_gmt":"2021-07-30T08:52:27","guid":{"rendered":"http:\/\/campingland24.com\/?product=timberland-herren-euro-rock-hiker-stiefel"},"modified":"2023-02-23T18:54:35","modified_gmt":"2023-02-23T18:54:35","slug":"timberland-herren-euro-rock-hiker-stiefel","status":"publish","type":"product","link":"http:\/\/campingland24.com\/?product=timberland-herren-euro-rock-hiker-stiefel","title":{"rendered":"Timberland Herren Euro Rock Hiker Stiefel"},"content":{"rendered":"<p><!-- show up to 2 reviews by default --> <\/p>\n<p>Timberland Euro Rock Hiker aus hochwertigem \u00f6kologisch gegerbten Leder f\u00fcr Langlebigkeit und Komfort. Mesh Innenfutter aus 100 Prozent recyceltem PET aus Platikflaschen f\u00fcr Atmungsaktivit\u00e4t und Klimakontrolle im Inneren des Schuhs. Herausnehmbare Innensohle und leichtes EVA Fu\u00dfbett f\u00fcr optimale D\u00e4mpfung und Tragekomfort den ganzen Tag. Umweltfreundliche Green Rubber Gummiau\u00dfensohle mit 42 Prozent recyceltem Anteil f\u00fcr Trittsicherheit auf jedem Untergrund. <\/p>\n<p>Obermaterial: Leder<br \/>\nInnenmaterial: Mesh<br \/>\nSohle: Gummi<br \/>\nVerschluss: Schn\u00fcrsenkel<br \/>\nAbsatzh\u00f6he: 2 cm<br \/>\nAbsatzform: Flach<br \/>\nGr\u00f6\u00dfenhinweis: F\u00e4llt eine halbe Gr\u00f6\u00dfe kleiner aus<br \/>\nSchuhweite: Medium<br \/>\n<div class=\"main-cross-sell\" data-asin=\"B00JR1YL9E\">\n\n\t<div class=\"WooZone-cross-sell-loader\">\n\t\t<div>\n\t\t\t<div id=\"floatingBarsG\">\n\t\t\t\t<div class=\"blockG\" id=\"rotateG_01\"><\/div>\n\t\t\t\t<div class=\"blockG\" id=\"rotateG_02\"><\/div>\n\t\t\t\t<div class=\"blockG\" id=\"rotateG_03\"><\/div>\n\t\t\t\t<div class=\"blockG\" id=\"rotateG_04\"><\/div>\n\t\t\t\t<div class=\"blockG\" id=\"rotateG_05\"><\/div>\n\t\t\t\t<div class=\"blockG\" id=\"rotateG_06\"><\/div>\n\t\t\t\t<div class=\"blockG\" id=\"rotateG_07\"><\/div>\n\t\t\t\t<div class=\"blockG\" id=\"rotateG_08\"><\/div>\n\t\t\t<\/div>\n\t\t\t<div class=\"WooZone-cross-sell-loader-text\"><\/div>\n\t\t<\/div>\n\t<\/div>\n\n\t\t\n<\/div>\n<div style=\"clear:both;\"><\/div><\/p>\n","protected":false},"excerpt":{"rendered":"<p>Obermaterial: Leder<br \/>\nInnenmaterial: Mesh<br \/>\nSohle: Gummi<\/p>\n","protected":false},"featured_media":18048,"comment_status":"open","ping_status":"closed","template":"","meta":[],"product_cat":[7072,7073],"product_tag":[],"_links":{"self":[{"href":"http:\/\/campingland24.com\/index.php?rest_route=\/wp\/v2\/product\/18047"}],"collection":[{"href":"http:\/\/campingland24.com\/index.php?rest_route=\/wp\/v2\/product"}],"about":[{"href":"http:\/\/campingland24.com\/index.php?rest_route=\/wp\/v2\/types\/product"}],"replies":[{"embeddable":true,"href":"http:\/\/campingland24.com\/index.php?rest_route=%2Fwp%2Fv2%2Fcomments&post=18047"}],"version-history":[{"count":3,"href":"http:\/\/campingland24.com\/index.php?rest_route=\/wp\/v2\/product\/18047\/revisions"}],"predecessor-version":[{"id":19861,"href":"http:\/\/campingland24.com\/index.php?rest_route=\/wp\/v2\/product\/18047\/revisions\/19861"}],"wp:featuredmedia":[{"embeddable":true,"href":"http:\/\/campingland24.com\/index.php?rest_route=\/wp\/v2\/media\/18048"}],"wp:attachment":[{"href":"http:\/\/campingland24.com\/index.php?rest_route=%2Fwp%2Fv2%2Fmedia&parent=18047"}],"wp:term":[{"taxonomy":"product_cat","embeddable":true,"href":"http:\/\/campingland24.com\/index.php?rest_route=%2Fwp%2Fv2%2Fproduct_cat&post=18047"},{"taxonomy":"product_tag","embeddable":true,"href":"http:\/\/campingland24.com\/index.php?rest_route=%2Fwp%2Fv2%2Fproduct_tag&post=18047"}],"curies":[{"name":"wp","href":"https:\/\/api.w.org\/{rel}","templated":true}]}}