{"id":18051,"date":"2021-07-30T08:52:29","date_gmt":"2021-07-30T08:52:29","guid":{"rendered":"http:\/\/campingland24.com\/?product=richter-kinderschuhe-jungen-tr-1-9246-8171-walking-schuh"},"modified":"2023-02-23T18:54:35","modified_gmt":"2023-02-23T18:54:35","slug":"richter-kinderschuhe-jungen-tr-1-9246-8171-walking-schuh","status":"publish","type":"product","link":"http:\/\/campingland24.com\/?product=richter-kinderschuhe-jungen-tr-1-9246-8171-walking-schuh","title":{"rendered":"Richter Kinderschuhe Jungen Tr-1 9246-8171 Walking-Schuh"},"content":{"rendered":"<p><!-- show up to 2 reviews by default --> <\/p>\n<p>Bootie aus Tecbuk und Textil. Das patentierte atop Schnellverschluss-System sorgt f\u00fcr perfekten Halt und erm\u00f6glicht ein einfaches An- und Ausziehen. Das hochwertige Textilfutter steigert den Fu\u00dfkomfort. Die Richtex Membran ist garantiert wasserdicht und atmungsaktiv und sorgt f\u00fcr trockene und warme F\u00fc\u00dfe in jeder Jahreszeit. Seit 1893 entwickelt das \u00f6sterreichische Unternehmen Richter kindgerechte Leisten, designt hochwertige Kinderschuhe mit Funktion und verarbeitet ausschlie\u00dflich qualit\u00e4tsgepr\u00fcfte Leder sowie High-Tech Materialien. Richter bietet den Eltern die Sicherheit, das Beste f\u00fcr ihr Kind zu tun und den Kindern viel Spa\u00df und Freude beim unbeschwerten Tragen der Schuhe. <\/p>\n<p>Obermaterial: Synthetik<br \/>\nInnenmaterial: Synthetik<br \/>\nSohle: Synthetik<br \/>\nVerschluss: Schnellverschluss<br \/>\nSchuhweite: Schmal<br \/>\nWasserdicht<br \/>\n<div class=\"main-cross-sell\" data-asin=\"B086LP7VY7\">\n\n\t<div class=\"WooZone-cross-sell-loader\">\n\t\t<div>\n\t\t\t<div id=\"floatingBarsG\">\n\t\t\t\t<div class=\"blockG\" id=\"rotateG_01\"><\/div>\n\t\t\t\t<div class=\"blockG\" id=\"rotateG_02\"><\/div>\n\t\t\t\t<div class=\"blockG\" id=\"rotateG_03\"><\/div>\n\t\t\t\t<div class=\"blockG\" id=\"rotateG_04\"><\/div>\n\t\t\t\t<div class=\"blockG\" id=\"rotateG_05\"><\/div>\n\t\t\t\t<div class=\"blockG\" id=\"rotateG_06\"><\/div>\n\t\t\t\t<div class=\"blockG\" id=\"rotateG_07\"><\/div>\n\t\t\t\t<div class=\"blockG\" id=\"rotateG_08\"><\/div>\n\t\t\t<\/div>\n\t\t\t<div class=\"WooZone-cross-sell-loader-text\"><\/div>\n\t\t<\/div>\n\t<\/div>\n\n\t\t\n<\/div>\n<div style=\"clear:both;\"><\/div><\/p>\n","protected":false},"excerpt":{"rendered":"<p>Obermaterial: Synthetik<br \/>\nInnenmaterial: Synthetik<br \/>\nSohle: Synthetik<\/p>\n","protected":false},"featured_media":18052,"comment_status":"open","ping_status":"closed","template":"","meta":[],"product_cat":[7072,7073],"product_tag":[],"_links":{"self":[{"href":"http:\/\/campingland24.com\/index.php?rest_route=\/wp\/v2\/product\/18051"}],"collection":[{"href":"http:\/\/campingland24.com\/index.php?rest_route=\/wp\/v2\/product"}],"about":[{"href":"http:\/\/campingland24.com\/index.php?rest_route=\/wp\/v2\/types\/product"}],"replies":[{"embeddable":true,"href":"http:\/\/campingland24.com\/index.php?rest_route=%2Fwp%2Fv2%2Fcomments&post=18051"}],"version-history":[{"count":3,"href":"http:\/\/campingland24.com\/index.php?rest_route=\/wp\/v2\/product\/18051\/revisions"}],"predecessor-version":[{"id":19865,"href":"http:\/\/campingland24.com\/index.php?rest_route=\/wp\/v2\/product\/18051\/revisions\/19865"}],"wp:featuredmedia":[{"embeddable":true,"href":"http:\/\/campingland24.com\/index.php?rest_route=\/wp\/v2\/media\/18052"}],"wp:attachment":[{"href":"http:\/\/campingland24.com\/index.php?rest_route=%2Fwp%2Fv2%2Fmedia&parent=18051"}],"wp:term":[{"taxonomy":"product_cat","embeddable":true,"href":"http:\/\/campingland24.com\/index.php?rest_route=%2Fwp%2Fv2%2Fproduct_cat&post=18051"},{"taxonomy":"product_tag","embeddable":true,"href":"http:\/\/campingland24.com\/index.php?rest_route=%2Fwp%2Fv2%2Fproduct_tag&post=18051"}],"curies":[{"name":"wp","href":"https:\/\/api.w.org\/{rel}","templated":true}]}}