{"id":18055,"date":"2021-07-30T08:52:30","date_gmt":"2021-07-30T08:52:30","guid":{"rendered":"http:\/\/campingland24.com\/?product=jack-wolfskin-herren-woodland-texapore-mid-m-outdoorschuhe"},"modified":"2023-02-23T18:54:35","modified_gmt":"2023-02-23T18:54:35","slug":"jack-wolfskin-herren-woodland-texapore-mid-m-outdoorschuhe","status":"publish","type":"product","link":"http:\/\/campingland24.com\/?product=jack-wolfskin-herren-woodland-texapore-mid-m-outdoorschuhe","title":{"rendered":"Jack Wolfskin Herren Woodland Texapore Mid M Trekking-&amp; Wanderstiefel"},"content":{"rendered":"<p><!-- show up to 2 reviews by default --> <\/p>\n<p>Een waterdichte wandelschoen die tegelijkertijd super licht en super zacht is? Duidelijk gaat dat. Onze multifunctionele Woodland Texapore Mid brengt alles mee wat je nodig hebt voor je lichte wandeling of je stedentrip. Het Texapore-membraan houdt niet alleen vocht betrouwbaar van je voet, maar is ook ademend. In de tussenzool hebben we ons zachte Reflex Foam gebruikt. Dit zorgt voor geweldig comfort en bespaart kracht bij het lopen. Perfect dus als je lang onderweg bent! De rubberen antislipzool geeft je de nodige grip \u2013 ook als de weg eens iets duurder wordt.<\/p>\n<p>Ein wasserdichter Wanderschuh, der gleichzeitig superleicht und supersoft ist? Klar geht das! Unser multifunktionaler WOODLAND TEXAPORE MID bringt alles mit, was du f\u00fcr deine leichte Wanderung oder deinen St\u00e4dtetrip brauchst. Die TEXAPORE-Membran h\u00e4lt nicht nur N\u00e4sse zuverl\u00e4ssig von deinem Fu\u00df fern, sondern ist auch atmungsaktiv. In der Mittelsohle haben wir unseren weichen REFLEX FOAM eingesetzt. Der sorgt f\u00fcr tollen Komfort und spart Kraft beim Laufen. Perfekt also, wenn du lange unterwegs bist! Die griffige Gummisohle schenkt dir den n\u00f6tigen Grip &#8211; auch wenn der Weg mal etwas anspruchsvoller wird.<\/p>\n<p>Ayn\u0131 zamanda s\u00fcper hafif ve s\u00fcper yumu\u015fak su ge\u00e7irmez y\u00fcr\u00fcy\u00fc\u015f ayakkab\u0131s\u0131 m\u0131? Tabii ki bu m\u00fcmk\u00fcn. \u00c7ok fonksiyonlu Woodland Texapore Mid hafif y\u00fcr\u00fcy\u00fc\u015fler veya \u015fehir geziniz i\u00e7in ihtiyac\u0131n\u0131z olan her \u015feyi beraberinde getirir. Texapore membran sadece \u0131slakl\u0131\u011f\u0131 g\u00fcvenilir bir \u015fekilde aya\u011f\u0131n\u0131zdan uzak tutmakla kalmaz, ayn\u0131 zamanda nefes al\u0131r. Orta tabanda yumu\u015fak Reflex Foam kulland\u0131k. Harika konfor sa\u011flar ve ko\u015farken g\u00fc\u00e7 tasarrufu sa\u011flar. Uzun s\u00fcre yolda oldu\u011funuzda m\u00fckemmel. Kaymaz kau\u00e7uk taban size gerekli tutu\u015fu sa\u011flar &#8211; yol biraz daha zorlu olsa bile.<\/p>\n<p>Vodot\u011bsn\u00e1 turistick\u00e1 obuv, kter\u00e1 je sou\u010dasn\u011b super lehk\u00e1 a super m\u011bkk\u00e1? To je jasn\u00e9. N\u00e1\u0161 multifunk\u010dn\u00ed p\u0159\u00edstroj Woodland Texpore Mid s sebou p\u0159in\u00e1\u0161\u00ed v\u0161e, co pot\u0159ebujete pro snadnou turistiku nebo v\u00fdlety s m\u011bstem. Membr\u00e1na Texapora nejen spolehliv\u011b udr\u017euje vlhkost z va\u0161\u00ed nohy, ale je tak\u00e9 prody\u0161n\u00e1. V mezipode\u0161vi jsme pou\u017eili na\u0161i m\u011bkkou reflexn\u00ed f\u00f3lii. To zaji\u0161\u0165uje skv\u011bl\u00fd komfort a \u0161et\u0159\u00ed s\u00edlu p\u0159i b\u011bh\u00e1n\u00ed. Perfektn\u00ed proto, pokud jste dlouho na cest\u00e1ch. Neklouzav\u00e1 gumov\u00e1 podr\u00e1\u017eka v\u00e1m poskytne pot\u0159ebnou p\u0159ilnavost \u2013 i kdy\u017e je cesta trochu n\u00e1ro\u010dn\u011bj\u0161\u00ed.<\/p>\n<p>Wodoodporne buty trekkingowe, kt\u00f3re s\u0105 jednocze\u015bnie super lekkie i super mi\u0119kkie? Jasno to mo\u017cliwe! Nasz wielofunkcyjny Woodland Texapore Mid ma wszystko, czego potrzebujesz do lekkiej w\u0119dr\u00f3wek lub wyprawy po mie\u015bcie. Membrana Texapore niezawodnie zatrzymuje wilgo\u0107 z dala od Twoich st\u00f3p, ale r\u00f3wnie\u017c przepuszcza powietrze. W podeszwie \u015brodkowej zastosowano nasz\u0105 mi\u0119kk\u0105 piank\u0119 Reflex Foam. Zapewnia on wspania\u0142y komfort i oszcz\u0119dno\u015b\u0107 si\u0142y podczas biegania. Doskona\u0142e rozwi\u0105zanie, je\u015bli jeste\u015b d\u0142ugo w podr\u00f3\u017cy. Przyczepna gumowa podeszwa zapewnia niezb\u0119dn\u0105 przyczepno\u015b\u0107 \u2013 nawet je\u015bli droga staje si\u0119 bardziej wymagaj\u0105ca. <\/p>\n<p>Obermaterial: Textile;Synthetic;TEXAPORE<br \/>\nInnenmaterial: Textil<br \/>\nSohle: Gummi<br \/>\nVerschluss: Schn\u00fcrsenkel<br \/>\nSchuhweite: Schmal<br \/>\nWasserdicht<br \/>\n<div class=\"main-cross-sell\" data-asin=\"B087MRXMFK\">\n\n\t<div class=\"WooZone-cross-sell-loader\">\n\t\t<div>\n\t\t\t<div id=\"floatingBarsG\">\n\t\t\t\t<div class=\"blockG\" id=\"rotateG_01\"><\/div>\n\t\t\t\t<div class=\"blockG\" id=\"rotateG_02\"><\/div>\n\t\t\t\t<div class=\"blockG\" id=\"rotateG_03\"><\/div>\n\t\t\t\t<div class=\"blockG\" id=\"rotateG_04\"><\/div>\n\t\t\t\t<div class=\"blockG\" id=\"rotateG_05\"><\/div>\n\t\t\t\t<div class=\"blockG\" id=\"rotateG_06\"><\/div>\n\t\t\t\t<div class=\"blockG\" id=\"rotateG_07\"><\/div>\n\t\t\t\t<div class=\"blockG\" id=\"rotateG_08\"><\/div>\n\t\t\t<\/div>\n\t\t\t<div class=\"WooZone-cross-sell-loader-text\"><\/div>\n\t\t<\/div>\n\t<\/div>\n\n\t\t\n<\/div>\n<div style=\"clear:both;\"><\/div><\/p>\n","protected":false},"excerpt":{"rendered":"<p>Obermaterial: Textile;Synthetic;TEXAPORE<br \/>\nInnenmaterial: Textil<br \/>\nSohle: Gummi<\/p>\n","protected":false},"featured_media":18056,"comment_status":"open","ping_status":"closed","template":"","meta":[],"product_cat":[7072,7073],"product_tag":[],"_links":{"self":[{"href":"http:\/\/campingland24.com\/index.php?rest_route=\/wp\/v2\/product\/18055"}],"collection":[{"href":"http:\/\/campingland24.com\/index.php?rest_route=\/wp\/v2\/product"}],"about":[{"href":"http:\/\/campingland24.com\/index.php?rest_route=\/wp\/v2\/types\/product"}],"replies":[{"embeddable":true,"href":"http:\/\/campingland24.com\/index.php?rest_route=%2Fwp%2Fv2%2Fcomments&post=18055"}],"version-history":[{"count":2,"href":"http:\/\/campingland24.com\/index.php?rest_route=\/wp\/v2\/product\/18055\/revisions"}],"predecessor-version":[{"id":19152,"href":"http:\/\/campingland24.com\/index.php?rest_route=\/wp\/v2\/product\/18055\/revisions\/19152"}],"wp:featuredmedia":[{"embeddable":true,"href":"http:\/\/campingland24.com\/index.php?rest_route=\/wp\/v2\/media\/18056"}],"wp:attachment":[{"href":"http:\/\/campingland24.com\/index.php?rest_route=%2Fwp%2Fv2%2Fmedia&parent=18055"}],"wp:term":[{"taxonomy":"product_cat","embeddable":true,"href":"http:\/\/campingland24.com\/index.php?rest_route=%2Fwp%2Fv2%2Fproduct_cat&post=18055"},{"taxonomy":"product_tag","embeddable":true,"href":"http:\/\/campingland24.com\/index.php?rest_route=%2Fwp%2Fv2%2Fproduct_tag&post=18055"}],"curies":[{"name":"wp","href":"https:\/\/api.w.org\/{rel}","templated":true}]}}