{"id":18059,"date":"2021-07-30T08:52:32","date_gmt":"2021-07-30T08:52:32","guid":{"rendered":"http:\/\/campingland24.com\/?product=rax-herren-wasserdicht-wanderhalbschuhe-trekkingschuhe-mit-anti-rutsch-sohle"},"modified":"2023-02-23T18:54:36","modified_gmt":"2023-02-23T18:54:36","slug":"rax-herren-wasserdicht-wanderhalbschuhe-trekkingschuhe-mit-anti-rutsch-sohle","status":"publish","type":"product","link":"http:\/\/campingland24.com\/?product=rax-herren-wasserdicht-wanderhalbschuhe-trekkingschuhe-mit-anti-rutsch-sohle","title":{"rendered":"RAX Herren Wasserdicht Wanderhalbschuhe Trekkingschuhe mit Anti-Rutsch-Sohle"},"content":{"rendered":"<div class=\"celwidget aplus-module launchpad-company-logo aplus-standard\">\n<div class=\"a-section a-text-center launchpad-module launchpad-module-company-logo\"> <img alt=\"logo\" src=\"https:\/\/images-na.ssl-images-amazon.com\/images\/G\/01\/x-locale\/common\/grey-pixel.gif\" class=\"a-lazy-loaded\" data-src=\"https:\/\/m.media-amazon.com\/images\/S\/aplus-media\/sc\/79dbfc75-f635-417f-8ad5-13ab67028843.__CR0,0,600,180_PT0_SX600_V1___.jpg\"><img alt=\"logo\" src=\"https:\/\/m.media-amazon.com\/images\/S\/aplus-media\/sc\/79dbfc75-f635-417f-8ad5-13ab67028843.__CR0,0,600,180_PT0_SX600_V1___.jpg\"> <\/div>\n<\/p><\/div>\n<div class=\"celwidget aplus-module launchpad-brand-description-left aplus-standard\">\n<div class=\"a-section launchpad-module launchpad-module-brand-description-left\">\n<div class=\"a-section launchpad-text-left-justify\">\n<p> Rax wurde 2010 gegr\u00fcndet und ist eine Tochtergesellschaft des b\u00f6rsennotierten Unternehmens Taiya. Die Marke stammt aus Lohas Konzept des Rax-Gebirges in den ALPEN der 1970er bis 1980er Jahre. Rax konzentriert sich auf Lichttechnologie und m\u00f6chte leichte, modische und bequeme Wanderschuhe anbieten. Rax integrierte Outdoor-Sportarten in das gesch\u00e4ftige Stadtleben und initiierte einen gesunden Lebensstil &#8222;FREE WALKING&#8220;. <\/p>\n<p> Dieses Modell ist leicht und sieht aus wie ein stylischer Sneaker, verf\u00fcgt jedoch \u00fcber Funktionsmerkmale wie eine rutschfeste Gummisohle, eine sto\u00dfabsorbierende Mittelsohle und eine sch\u00fctzende Zehenpartie. <\/p>\n<p> <span class=\"a-text-bold\"><span class=\"a-text-italic\">Wenn Ihr Spann gr\u00f6\u00dfer oder Ihre F\u00fc\u00dfe breiter sind, wird empfohlen, eine gr\u00f6\u00dfere Gr\u00f6\u00dfe zu verwenden<\/span><\/span> <\/p>\n<\/p><\/div>\n<\/p><\/div>\n<\/p><\/div>\n<div class=\"celwidget aplus-module module-12 aplus-standard\">\n<div data-a-expander-name=\"aplus-module-expander\" data-a-expander-collapsed-height=\"360\" class=\"a-expander-collapsed-height a-row a-expander-container a-expander-partial-collapse-container\">\n<div class=\"a-expander-content a-expander-partial-collapse-content\">\n<div class=\"aplus-module-wrapper apm-spacing apm-floatnone apm-fixed-width\">\n<div class=\"apm-sidemodule aplus-module-content\">\n<div class=\"apm-hero-image\"> <img alt=\"cushioning\" src=\"https:\/\/images-na.ssl-images-amazon.com\/images\/G\/01\/x-locale\/common\/grey-pixel.gif\" class=\"a-lazy-loaded\" data-src=\"https:\/\/m.media-amazon.com\/images\/S\/aplus-media\/sc\/d86a7c2d-be78-45c8-ae98-c176beb64522.__CR0,0,970,300_PT0_SX970_V1___.jpg\"><img alt=\"cushioning\" src=\"https:\/\/m.media-amazon.com\/images\/S\/aplus-media\/sc\/d86a7c2d-be78-45c8-ae98-c176beb64522.__CR0,0,970,300_PT0_SX970_V1___.jpg\"> <\/div>\n<\/p><\/div>\n<\/p><\/div>\n<div><\/div>\n<\/p><\/div>\n<div class=\"a-expander-header a-expander-partial-collapse-header a-text-left\">\n<div class=\"a-expander-content-fade\"><\/div>\n<p><a href=\"void(0)\" data-action=\"a-expander-toggle\" class=\"a-declarative\" data-a-expander-toggle=\"{\"><i class=\"a-icon a-icon-extender-expand\"><\/i><span class=\"a-expander-prompt\">Mehr lesen<\/span><\/a><\/div>\n<\/p><\/div>\n<\/p><\/div>\n<div class=\"celwidget aplus-module module-2 aplus-standard\">\n<div data-a-expander-name=\"aplus-module-expander\" data-a-expander-collapsed-height=\"700\" class=\"a-expander-collapsed-height a-row a-expander-container a-expander-partial-collapse-container\">\n<div class=\"a-expander-content a-expander-partial-collapse-content\">\n<div class=\"aplus-module-wrapper apm-floatnone apm-fixed-width\">\n<div class=\"apm-sidemodule apm-spacing\">\n<div class=\"apm-sidemodule-imageleft\"> <img alt=\"outsole\" src=\"https:\/\/images-na.ssl-images-amazon.com\/images\/G\/01\/x-locale\/common\/grey-pixel.gif\" class=\"a-lazy-loaded\" data-src=\"https:\/\/m.media-amazon.com\/images\/S\/aplus-media\/sc\/38392cbd-a7b8-490e-ab05-e77f424ecf1b.__CR0,0,300,300_PT0_SX300_V1___.jpg\"><img alt=\"outsole\" src=\"https:\/\/m.media-amazon.com\/images\/S\/aplus-media\/sc\/38392cbd-a7b8-490e-ab05-e77f424ecf1b.__CR0,0,300,300_PT0_SX300_V1___.jpg\"> <\/div>\n<div class=\"apm-sidemodule-textright\">\n<h3 class=\"a-spacing-mini\"> Rutschfeste Gummilaufsohle <\/h3>\n<p> Die RAX-Gummilaufsohle ist rutschfest. Der Boden verf\u00fcgt \u00fcber Dreiecksans\u00e4tze mit hervorragender Traktion und h\u00e4lt den Boden tief. <\/p>\n<\/p><\/div>\n<\/p><\/div>\n<\/p><\/div>\n<div><\/div>\n<\/p><\/div>\n<div class=\"a-expander-header a-expander-partial-collapse-header a-text-left\">\n<div class=\"a-expander-content-fade\"><\/div>\n<p><a href=\"void(0)\" data-action=\"a-expander-toggle\" class=\"a-declarative\" data-a-expander-toggle=\"{\"><i class=\"a-icon a-icon-extender-expand\"><\/i><span class=\"a-expander-prompt\">Mehr lesen<\/span><\/a><\/div>\n<\/p><\/div>\n<\/p><\/div>\n<div class=\"celwidget aplus-module module-9 aplus-standard\">\n<div data-a-expander-name=\"aplus-module-expander\" data-a-expander-collapsed-height=\"700\" class=\"a-expander-collapsed-height a-row a-expander-container a-expander-partial-collapse-container\">\n<div class=\"a-expander-content a-expander-partial-collapse-content\">\n<div class=\"aplus-module-wrapper apm-fixed-width\">\n<div class=\"apm-spacing apm-fixed-width\">\n<table class=\"apm-fixed-width apm-eventhirdcol-table\">\n<tbody>\n<tr>\n<th class=\"apm-center\">\n<div class=\"apm-eventhirdcol apm-floatleft\">\n<p> <img alt=\"durable\" src=\"https:\/\/images-na.ssl-images-amazon.com\/images\/G\/01\/x-locale\/common\/grey-pixel.gif\" class=\"a-spacing-mini a-lazy-loaded\" data-src=\"https:\/\/m.media-amazon.com\/images\/S\/aplus-media\/sc\/780897ed-f2a7-4ee0-a70e-b79fc1050492.__CR0,0,300,300_PT0_SX300_V1___.jpg\"><\/p>\n<p><img alt=\"durable\" src=\"https:\/\/m.media-amazon.com\/images\/S\/aplus-media\/sc\/780897ed-f2a7-4ee0-a70e-b79fc1050492.__CR0,0,300,300_PT0_SX300_V1___.jpg\"> <\/div>\n<\/th>\n<th class=\"apm-center\">\n<div class=\"apm-eventhirdcol apm-floatleft\">\n<p> <img alt=\"TOE\" src=\"https:\/\/images-na.ssl-images-amazon.com\/images\/G\/01\/x-locale\/common\/grey-pixel.gif\" class=\"a-spacing-mini a-lazy-loaded\" data-src=\"https:\/\/m.media-amazon.com\/images\/S\/aplus-media\/sc\/db6b19fc-5b08-4150-a551-23a271cb84dc.__CR0,0,300,300_PT0_SX300_V1___.jpg\"><\/p>\n<p><img alt=\"TOE\" src=\"https:\/\/m.media-amazon.com\/images\/S\/aplus-media\/sc\/db6b19fc-5b08-4150-a551-23a271cb84dc.__CR0,0,300,300_PT0_SX300_V1___.jpg\"> <\/div>\n<\/th>\n<th class=\"apm-center\">\n<div class=\"apm-eventhirdcol apm-floatleft\">\n<p> <img alt=\"MIDSOLE\" src=\"https:\/\/images-na.ssl-images-amazon.com\/images\/G\/01\/x-locale\/common\/grey-pixel.gif\" class=\"a-spacing-mini a-lazy-loaded\" data-src=\"https:\/\/m.media-amazon.com\/images\/S\/aplus-media\/sc\/b4e65476-67f3-4538-9fc4-49b7961daff6.__CR0,0,300,300_PT0_SX300_V1___.jpg\"><\/p>\n<p><img alt=\"MIDSOLE\" src=\"https:\/\/m.media-amazon.com\/images\/S\/aplus-media\/sc\/b4e65476-67f3-4538-9fc4-49b7961daff6.__CR0,0,300,300_PT0_SX300_V1___.jpg\"> <\/div>\n<\/th>\n<\/tr>\n<tr>\n<td class=\"apm-top\">\n<div class=\"apm-eventhirdcol apm-floatleft\">\n<h4 class=\"a-spacing-mini\"> Langlebig und Sto\u00dfd\u00e4mpfung <\/h4>\n<p> Wenn Sie im Freien wandern, m\u00fcssen Sie viel unter harten Bedingungen im Freien laufen. Die Wahl eines robusten und bequemen Schuhs ist sehr wichtig. <\/p>\n<\/p><\/div>\n<\/td>\n<td class=\"apm-top\">\n<div class=\"apm-eventhirdcol apm-floatleft\">\n<h4 class=\"a-spacing-mini\"> Anti-Kollisions-Schuhzehen-Doppelschutz <\/h4>\n<p> Es nimmt Leder + TPU-St\u00fcck doppelten Zehenschutz an, der die Zehe einwickelt, um Ihre zerbrechliche Schuhzehe zu sch\u00fctzen <\/p>\n<\/p><\/div>\n<\/td>\n<td class=\"apm-top\">\n<div class=\"apm-eventhirdcol apm-floatleft\">\n<h4 class=\"a-spacing-mini\"> Leichte, d\u00e4mpfende EVA-Mittelsohle <\/h4>\n<p> F\u00fcr ein entspannteres und sichereres Gehen verf\u00fcgt diese mittelschwere Wanderin \u00fcber eine formgepresste EVA-Mittelsohle f\u00fcr zus\u00e4tzliche D\u00e4mpfung <\/p>\n<\/p><\/div>\n<\/td>\n<\/tr>\n<\/tbody>\n<\/table>\n<\/div><\/div>\n<div><\/div>\n<\/p><\/div>\n<div class=\"a-expander-header a-expander-partial-collapse-header a-text-left\">\n<div class=\"a-expander-content-fade\"><\/div>\n<p><a href=\"void(0)\" data-action=\"a-expander-toggle\" class=\"a-declarative\" data-a-expander-toggle=\"{\"><i class=\"a-icon a-icon-extender-expand\"><\/i><span class=\"a-expander-prompt\">Mehr lesen<\/span><\/a><\/div>\n<\/p><\/div>\n<\/p><\/div>\n<div class=\"celwidget aplus-module module-12 aplus-standard\">\n<div data-a-expander-name=\"aplus-module-expander\" data-a-expander-collapsed-height=\"360\" class=\"a-expander-collapsed-height a-row a-expander-container a-expander-partial-collapse-container\">\n<div class=\"a-expander-content a-expander-partial-collapse-content\">\n<div class=\"aplus-module-wrapper apm-spacing apm-floatnone apm-fixed-width\">\n<div class=\"apm-sidemodule aplus-module-content\">\n<div class=\"apm-hero-image\"> <img alt=\"men's boot measurement\" src=\"https:\/\/images-na.ssl-images-amazon.com\/images\/G\/01\/x-locale\/common\/grey-pixel.gif\" class=\"a-lazy-loaded\" data-src=\"https:\/\/m.media-amazon.com\/images\/S\/aplus-media\/sc\/08e637d4-650a-4541-89c8-5737b383d697.__CR0,0,970,300_PT0_SX970_V1___.jpg\"><img alt=\"men's boot measurement\" src=\"https:\/\/m.media-amazon.com\/images\/S\/aplus-media\/sc\/08e637d4-650a-4541-89c8-5737b383d697.__CR0,0,970,300_PT0_SX970_V1___.jpg\"> <\/div>\n<\/p><\/div>\n<\/p><\/div>\n<div><\/div>\n<\/p><\/div>\n<div class=\"a-expander-header a-expander-partial-collapse-header a-text-left\">\n<div class=\"a-expander-content-fade\"><\/div>\n<p><a href=\"void(0)\" data-action=\"a-expander-toggle\" class=\"a-declarative\" data-a-expander-toggle=\"{\"><i class=\"a-icon a-icon-extender-expand\"><\/i><span class=\"a-expander-prompt\">Mehr lesen<\/span><\/a><\/div>\n<\/p><\/div>\n<\/p><\/div>\n<p>Obermaterial: Wildleder<br \/>\nInnenmaterial: Synthetik<br \/>\nSohle: Gummi<br \/>\nVerschluss: Schn\u00fcrsenkel<br \/>\nAbsatzh\u00f6he: 3 cm<br \/>\nAbsatzform: Flach<br \/>\nSchaftweite: Medium<br \/>\nSchuhweite: Normal<br \/>\nWasserabweisend<br \/>\n<div class=\"main-cross-sell\" data-asin=\"B075N8K53W\">\n\n\t<div class=\"WooZone-cross-sell-loader\">\n\t\t<div>\n\t\t\t<div id=\"floatingBarsG\">\n\t\t\t\t<div class=\"blockG\" id=\"rotateG_01\"><\/div>\n\t\t\t\t<div class=\"blockG\" id=\"rotateG_02\"><\/div>\n\t\t\t\t<div class=\"blockG\" id=\"rotateG_03\"><\/div>\n\t\t\t\t<div class=\"blockG\" id=\"rotateG_04\"><\/div>\n\t\t\t\t<div class=\"blockG\" id=\"rotateG_05\"><\/div>\n\t\t\t\t<div class=\"blockG\" id=\"rotateG_06\"><\/div>\n\t\t\t\t<div class=\"blockG\" id=\"rotateG_07\"><\/div>\n\t\t\t\t<div class=\"blockG\" id=\"rotateG_08\"><\/div>\n\t\t\t<\/div>\n\t\t\t<div class=\"WooZone-cross-sell-loader-text\"><\/div>\n\t\t<\/div>\n\t<\/div>\n\n\t\t\n<\/div>\n<div style=\"clear:both;\"><\/div><\/p>\n","protected":false},"excerpt":{"rendered":"<p>Obermaterial: Wildleder<br \/>\nInnenmaterial: Synthetik<br \/>\nSohle: Gummi<\/p>\n","protected":false},"featured_media":18060,"comment_status":"open","ping_status":"closed","template":"","meta":[],"product_cat":[7072,7073],"product_tag":[],"_links":{"self":[{"href":"http:\/\/campingland24.com\/index.php?rest_route=\/wp\/v2\/product\/18059"}],"collection":[{"href":"http:\/\/campingland24.com\/index.php?rest_route=\/wp\/v2\/product"}],"about":[{"href":"http:\/\/campingland24.com\/index.php?rest_route=\/wp\/v2\/types\/product"}],"replies":[{"embeddable":true,"href":"http:\/\/campingland24.com\/index.php?rest_route=%2Fwp%2Fv2%2Fcomments&post=18059"}],"version-history":[{"count":13,"href":"http:\/\/campingland24.com\/index.php?rest_route=\/wp\/v2\/product\/18059\/revisions"}],"predecessor-version":[{"id":19578,"href":"http:\/\/campingland24.com\/index.php?rest_route=\/wp\/v2\/product\/18059\/revisions\/19578"}],"wp:featuredmedia":[{"embeddable":true,"href":"http:\/\/campingland24.com\/index.php?rest_route=\/wp\/v2\/media\/18060"}],"wp:attachment":[{"href":"http:\/\/campingland24.com\/index.php?rest_route=%2Fwp%2Fv2%2Fmedia&parent=18059"}],"wp:term":[{"taxonomy":"product_cat","embeddable":true,"href":"http:\/\/campingland24.com\/index.php?rest_route=%2Fwp%2Fv2%2Fproduct_cat&post=18059"},{"taxonomy":"product_tag","embeddable":true,"href":"http:\/\/campingland24.com\/index.php?rest_route=%2Fwp%2Fv2%2Fproduct_tag&post=18059"}],"curies":[{"name":"wp","href":"https:\/\/api.w.org\/{rel}","templated":true}]}}