{"id":18063,"date":"2021-07-30T08:52:35","date_gmt":"2021-07-30T08:52:35","guid":{"rendered":"http:\/\/campingland24.com\/?product=jack-wolfskin-herren-downhill-texapore-mid-m-outdoorschuhe"},"modified":"2023-02-23T18:54:36","modified_gmt":"2023-02-23T18:54:36","slug":"jack-wolfskin-herren-downhill-texapore-mid-m-outdoorschuhe","status":"publish","type":"product","link":"http:\/\/campingland24.com\/?product=jack-wolfskin-herren-downhill-texapore-mid-m-outdoorschuhe","title":{"rendered":"Jack Wolfskin DOWNHILL TEXAPORE MID M Outdoorschuhe"},"content":{"rendered":"<p><!-- show up to 2 reviews by default --> <\/p>\n<p>Am Wochenende geht es f\u00fcr dich raus in die Natur. \u00dcber Stock und Stein kommst du am besten mit unserem DOWNHILL TEXAPORE LOW. Wir haben den Schuh extra f\u00fcr moderate Wanderungen gemacht.Egal ob du am Flussufer entlangspazierst oder ein paar H\u00f6henmeter im Mittelgebirge sammelst &#8211; mit der griffigen Sohle hast du \u00fcberall guten Halt.Auch der n\u00e4chste Regenschauer oder ein Tritt in die Pf\u00fctze ist kein Problem: Dank TEXAPORE-Membran h\u00e4lt der DOWNHILL TEXAPORE LOW zuverl\u00e4ssig trocken.<\/p>\n<\/p>\n<p>Obermaterial: Textile;Synthetic;TEXAPORE<br \/>\nInnenmaterial: Synthetik<br \/>\nSohle: Leder und Gummi<br \/>\nVerschluss: Schn\u00fcrsenkel<br \/>\nSchuhweite: Schmal<br \/>\nWasserdicht<br \/>\n<div class=\"main-cross-sell\" data-asin=\"B087MS222L\">\n\n\t<div class=\"WooZone-cross-sell-loader\">\n\t\t<div>\n\t\t\t<div id=\"floatingBarsG\">\n\t\t\t\t<div class=\"blockG\" id=\"rotateG_01\"><\/div>\n\t\t\t\t<div class=\"blockG\" id=\"rotateG_02\"><\/div>\n\t\t\t\t<div class=\"blockG\" id=\"rotateG_03\"><\/div>\n\t\t\t\t<div class=\"blockG\" id=\"rotateG_04\"><\/div>\n\t\t\t\t<div class=\"blockG\" id=\"rotateG_05\"><\/div>\n\t\t\t\t<div class=\"blockG\" id=\"rotateG_06\"><\/div>\n\t\t\t\t<div class=\"blockG\" id=\"rotateG_07\"><\/div>\n\t\t\t\t<div class=\"blockG\" id=\"rotateG_08\"><\/div>\n\t\t\t<\/div>\n\t\t\t<div class=\"WooZone-cross-sell-loader-text\"><\/div>\n\t\t<\/div>\n\t<\/div>\n\n\t\t\n<\/div>\n<div style=\"clear:both;\"><\/div><\/p>\n","protected":false},"excerpt":{"rendered":"<p>Obermaterial: Textile;Synthetic;TEXAPORE<br \/>\nInnenmaterial: Synthetik<br \/>\nSohle: Leder und Gummi<\/p>\n","protected":false},"featured_media":18064,"comment_status":"open","ping_status":"closed","template":"","meta":[],"product_cat":[7072,7073],"product_tag":[],"_links":{"self":[{"href":"http:\/\/campingland24.com\/index.php?rest_route=\/wp\/v2\/product\/18063"}],"collection":[{"href":"http:\/\/campingland24.com\/index.php?rest_route=\/wp\/v2\/product"}],"about":[{"href":"http:\/\/campingland24.com\/index.php?rest_route=\/wp\/v2\/types\/product"}],"replies":[{"embeddable":true,"href":"http:\/\/campingland24.com\/index.php?rest_route=%2Fwp%2Fv2%2Fcomments&post=18063"}],"version-history":[{"count":7,"href":"http:\/\/campingland24.com\/index.php?rest_route=\/wp\/v2\/product\/18063\/revisions"}],"predecessor-version":[{"id":19742,"href":"http:\/\/campingland24.com\/index.php?rest_route=\/wp\/v2\/product\/18063\/revisions\/19742"}],"wp:featuredmedia":[{"embeddable":true,"href":"http:\/\/campingland24.com\/index.php?rest_route=\/wp\/v2\/media\/18064"}],"wp:attachment":[{"href":"http:\/\/campingland24.com\/index.php?rest_route=%2Fwp%2Fv2%2Fmedia&parent=18063"}],"wp:term":[{"taxonomy":"product_cat","embeddable":true,"href":"http:\/\/campingland24.com\/index.php?rest_route=%2Fwp%2Fv2%2Fproduct_cat&post=18063"},{"taxonomy":"product_tag","embeddable":true,"href":"http:\/\/campingland24.com\/index.php?rest_route=%2Fwp%2Fv2%2Fproduct_tag&post=18063"}],"curies":[{"name":"wp","href":"https:\/\/api.w.org\/{rel}","templated":true}]}}