{"id":18075,"date":"2021-07-30T08:52:38","date_gmt":"2021-07-30T08:52:38","guid":{"rendered":"http:\/\/campingland24.com\/?product=bruetting-damen-mount-bona-high-trekking-wanderschuhe"},"modified":"2023-02-23T18:54:36","modified_gmt":"2023-02-23T18:54:36","slug":"bruetting-damen-mount-bona-high-trekking-wanderschuhe","status":"publish","type":"product","link":"http:\/\/campingland24.com\/?product=bruetting-damen-mount-bona-high-trekking-wanderschuhe","title":{"rendered":"Bruetting Mount Bona High Trekking-&amp; Wanderschuhe"},"content":{"rendered":"<p><!-- show up to 2 reviews by default --> <\/p>\n<p>Br\u00fctting Trekking Stiefel Mount bona high robuster Trekking Stiefel. Durch die angenehme Schaft Polsterung und Laschenpolsterung werden Druckstellen auch bei langen Trekkingtouren vermieden. Die Vibram-Sohle bietet au\u00dferdem sicheren Halt, auch bei schwierigem Gel\u00e4nde. Sie erhalten einen robusten Trekkingschuh der sie auf vielen Touren begleiten wird. &#8211; Obermaterial: Veloursleder mit Nylon-Eins\u00e4tzen &#8211; angenehme Schaft Polsterung und Laschenpolsterung &#8211; wasserdichte und atmungsaktive Comfortex-Klimamembrane &#8211; antiallergisches Textilfutter &#8211; auswechselbare Textileinlegesohle &#8211; stabile und rutschfeste Vibram-Laufsohle &#8211; mit Gummikappe &#8211; Passform: Trekking Stiefel f\u00e4llt normal aus &#8211; Verschlussart: Schn\u00fcrer mit abschlusshaken &#8211; geschlecht: Herren.<\/p>\n<p>Ermitteln der richtigen Schuhgr\u00f6\u00dfe<\/p>\n<p>Zur Ermittlung der richtigen Schuhgr\u00f6\u00dfe f\u00fcr Kleinkinder und Kinder in den Gr\u00f6\u00dfen 18 bis 35 finden Sie unser aktuelles Gr\u00f6\u00dfen-Messsystem hier zum Ausdrucken. Alle weiteren Gr\u00f6\u00dfen k\u00f6nnen Sie wie folgt ermitteln:<\/p>\n<p>Ermitteln Sie die L\u00e4nge Ihres gr\u00f6\u00dften Fu\u00dfes von der Ferse bis zur Spitze des l\u00e4ngsten Zehs in cm.<\/p>\n<p>Geben Sie bei Sportschuhen, sowie bei Wander- und Trekkingschuhen noch ca 5mm an der L\u00e4nge hinzu.<\/p>\n<p>Mit dem ermittelten Wert gehen Sie in die entsprechende Gr\u00f6\u00dfentabelle und bestimmen Ihre Gr\u00f6\u00dfe.<\/p>\n<p>Pflegehinweis:Es empfiehlt sich, die Schuhe vor dem ersten Tragen zu impr\u00e4gnieren, dies kann mit herk\u00f6mmlichen Impr\u00e4gniermittel geschehen. F\u00fcr Lederschuhe verwenden Sie bitte ca. einmal im Monat spezielle Lederpflege, damit das Material nicht por\u00f6s wird. Die Schuhe sind nicht waschmaschinenfest. <\/p>\n<\/p>\n<p>Obermaterial: Leder<br \/>\nInnenmaterial: Textil<br \/>\nSohle: Textil<br \/>\nVerschluss: Schn\u00fcrsenkel<br \/>\nAbsatzform: Flach<br \/>\nGr\u00f6\u00dfenhinweis: F\u00e4llt regul\u00e4r aus<br \/>\nSchaftweite: Normal<br \/>\nSchuhweite: Weit unisex_eu<br \/>\nWasserabweisend<br \/>\n<div class=\"main-cross-sell\" data-asin=\"B00H5M2BOO\">\n\n\t<div class=\"WooZone-cross-sell-loader\">\n\t\t<div>\n\t\t\t<div id=\"floatingBarsG\">\n\t\t\t\t<div class=\"blockG\" id=\"rotateG_01\"><\/div>\n\t\t\t\t<div class=\"blockG\" id=\"rotateG_02\"><\/div>\n\t\t\t\t<div class=\"blockG\" id=\"rotateG_03\"><\/div>\n\t\t\t\t<div class=\"blockG\" id=\"rotateG_04\"><\/div>\n\t\t\t\t<div class=\"blockG\" id=\"rotateG_05\"><\/div>\n\t\t\t\t<div class=\"blockG\" id=\"rotateG_06\"><\/div>\n\t\t\t\t<div class=\"blockG\" id=\"rotateG_07\"><\/div>\n\t\t\t\t<div class=\"blockG\" id=\"rotateG_08\"><\/div>\n\t\t\t<\/div>\n\t\t\t<div class=\"WooZone-cross-sell-loader-text\"><\/div>\n\t\t<\/div>\n\t<\/div>\n\n\t\t\n<\/div>\n<div style=\"clear:both;\"><\/div><\/p>\n","protected":false},"excerpt":{"rendered":"<p>Obermaterial: Leder<br \/>\nInnenmaterial: Textil<br \/>\nSohle: Textil<\/p>\n","protected":false},"featured_media":18076,"comment_status":"open","ping_status":"closed","template":"","meta":[],"product_cat":[7072,7073],"product_tag":[],"_links":{"self":[{"href":"http:\/\/campingland24.com\/index.php?rest_route=\/wp\/v2\/product\/18075"}],"collection":[{"href":"http:\/\/campingland24.com\/index.php?rest_route=\/wp\/v2\/product"}],"about":[{"href":"http:\/\/campingland24.com\/index.php?rest_route=\/wp\/v2\/types\/product"}],"replies":[{"embeddable":true,"href":"http:\/\/campingland24.com\/index.php?rest_route=%2Fwp%2Fv2%2Fcomments&post=18075"}],"version-history":[{"count":2,"href":"http:\/\/campingland24.com\/index.php?rest_route=\/wp\/v2\/product\/18075\/revisions"}],"predecessor-version":[{"id":19781,"href":"http:\/\/campingland24.com\/index.php?rest_route=\/wp\/v2\/product\/18075\/revisions\/19781"}],"wp:featuredmedia":[{"embeddable":true,"href":"http:\/\/campingland24.com\/index.php?rest_route=\/wp\/v2\/media\/18076"}],"wp:attachment":[{"href":"http:\/\/campingland24.com\/index.php?rest_route=%2Fwp%2Fv2%2Fmedia&parent=18075"}],"wp:term":[{"taxonomy":"product_cat","embeddable":true,"href":"http:\/\/campingland24.com\/index.php?rest_route=%2Fwp%2Fv2%2Fproduct_cat&post=18075"},{"taxonomy":"product_tag","embeddable":true,"href":"http:\/\/campingland24.com\/index.php?rest_route=%2Fwp%2Fv2%2Fproduct_tag&post=18075"}],"curies":[{"name":"wp","href":"https:\/\/api.w.org\/{rel}","templated":true}]}}