{"id":18079,"date":"2021-07-30T08:52:41","date_gmt":"2021-07-30T08:52:41","guid":{"rendered":"http:\/\/campingland24.com\/?product=adidas-herren-terrex-swift-r2-trekking-wanderhalbschuhe"},"modified":"2023-02-23T18:54:36","modified_gmt":"2023-02-23T18:54:36","slug":"adidas-herren-terrex-swift-r2-trekking-wanderhalbschuhe","status":"publish","type":"product","link":"http:\/\/campingland24.com\/?product=adidas-herren-terrex-swift-r2-trekking-wanderhalbschuhe","title":{"rendered":"adidas Herren Terrex Swift R2 Trekking-&amp; Wanderhalbschuhe"},"content":{"rendered":"<p><!-- show up to 2 reviews by default --> <\/p>\n<p>Hiking schuhe Herren Adidas TERREX SWIFT R2 CM7486<\/p>\n<p>Wie misst man richtig?<\/p>\n<p>1.Leg ein Blatt Papier auf den Boden, sodass ein Ende an der Wand anliegt. Stell dich mit der Ferse zur Wand auf das Papier.<\/p>\n<p>2.Markiere die Stelle, an der deine l\u00e4ngste Zehe endet, mit einem Stift. Das Gleiche machst du mit dem anderen Fu\u00df. Tipp:Einfacher geht es, wenn dir dabei jemand hilft.<\/p>\n<p>3.Miss f\u00fcr beide F\u00fc\u00dfe den Abstand zwischen deiner l\u00e4ngsten Zehe und Ferse. Es kann sein, dass du f\u00fcr beide F\u00fc\u00dfe unterschiedliche Ergebnisse erh\u00e4ltst.Verwende den gr\u00f6\u00dferen der beiden Werte, um in der adidas Gr\u00f6\u00dfentabelle deine Schuhgr\u00f6\u00dfe zu ermitteln.<\/p>\n<\/p>\n<p>Obermaterial: Synthetik<br \/>\nInnenmaterial: Synthetik<br \/>\nSohle: Synthetik<br \/>\nVerschluss: Schn\u00fcrsenkel<br \/>\nMaterialzusammensetzung: Synthetic<br \/>\nSchuhweite: Schmal<br \/>\nNicht wasserdicht<br \/>\n<div class=\"main-cross-sell\" data-asin=\"B076CDL3WD\">\n\n\t<div class=\"WooZone-cross-sell-loader\">\n\t\t<div>\n\t\t\t<div id=\"floatingBarsG\">\n\t\t\t\t<div class=\"blockG\" id=\"rotateG_01\"><\/div>\n\t\t\t\t<div class=\"blockG\" id=\"rotateG_02\"><\/div>\n\t\t\t\t<div class=\"blockG\" id=\"rotateG_03\"><\/div>\n\t\t\t\t<div class=\"blockG\" id=\"rotateG_04\"><\/div>\n\t\t\t\t<div class=\"blockG\" id=\"rotateG_05\"><\/div>\n\t\t\t\t<div class=\"blockG\" id=\"rotateG_06\"><\/div>\n\t\t\t\t<div class=\"blockG\" id=\"rotateG_07\"><\/div>\n\t\t\t\t<div class=\"blockG\" id=\"rotateG_08\"><\/div>\n\t\t\t<\/div>\n\t\t\t<div class=\"WooZone-cross-sell-loader-text\"><\/div>\n\t\t<\/div>\n\t<\/div>\n\n\t\t\n<\/div>\n<div style=\"clear:both;\"><\/div><\/p>\n","protected":false},"excerpt":{"rendered":"<p>Obermaterial: Synthetik<br \/>\nInnenmaterial: Synthetik<br \/>\nSohle: Synthetik<\/p>\n","protected":false},"featured_media":18080,"comment_status":"open","ping_status":"closed","template":"","meta":[],"product_cat":[7072,7073],"product_tag":[],"_links":{"self":[{"href":"http:\/\/campingland24.com\/index.php?rest_route=\/wp\/v2\/product\/18079"}],"collection":[{"href":"http:\/\/campingland24.com\/index.php?rest_route=\/wp\/v2\/product"}],"about":[{"href":"http:\/\/campingland24.com\/index.php?rest_route=\/wp\/v2\/types\/product"}],"replies":[{"embeddable":true,"href":"http:\/\/campingland24.com\/index.php?rest_route=%2Fwp%2Fv2%2Fcomments&post=18079"}],"version-history":[{"count":1,"href":"http:\/\/campingland24.com\/index.php?rest_route=\/wp\/v2\/product\/18079\/revisions"}],"predecessor-version":[{"id":18967,"href":"http:\/\/campingland24.com\/index.php?rest_route=\/wp\/v2\/product\/18079\/revisions\/18967"}],"wp:featuredmedia":[{"embeddable":true,"href":"http:\/\/campingland24.com\/index.php?rest_route=\/wp\/v2\/media\/18080"}],"wp:attachment":[{"href":"http:\/\/campingland24.com\/index.php?rest_route=%2Fwp%2Fv2%2Fmedia&parent=18079"}],"wp:term":[{"taxonomy":"product_cat","embeddable":true,"href":"http:\/\/campingland24.com\/index.php?rest_route=%2Fwp%2Fv2%2Fproduct_cat&post=18079"},{"taxonomy":"product_tag","embeddable":true,"href":"http:\/\/campingland24.com\/index.php?rest_route=%2Fwp%2Fv2%2Fproduct_tag&post=18079"}],"curies":[{"name":"wp","href":"https:\/\/api.w.org\/{rel}","templated":true}]}}