{"id":18083,"date":"2021-07-30T08:52:41","date_gmt":"2021-07-30T08:52:41","guid":{"rendered":"http:\/\/campingland24.com\/?product=salomon-herren-speedcross-4-traillaufschuhe"},"modified":"2023-02-23T18:54:36","modified_gmt":"2023-02-23T18:54:36","slug":"salomon-herren-speedcross-4-traillaufschuhe","status":"publish","type":"product","link":"http:\/\/campingland24.com\/?product=salomon-herren-speedcross-4-traillaufschuhe","title":{"rendered":"Salomon Herren Speedcross 4 Traillaufschuhe"},"content":{"rendered":"<p><!-- show up to 2 reviews by default --> <\/p>\n<p>Der SpeedCross 4 GTX ist ein exzellenter Schuh f\u00fcr L\u00e4ufer, die auf der Suche nach einem leichten Schuh mit starkem Halt sind, optimal f\u00fcr technische und weiche Trails. Dank der leichten und wasserdichten Gore-Tex-Membran sind Sie in der Lage auch schwierigem Gel\u00e4nde und entsprechenden Wetterbedingungen zu trotzen. &#8211; LEICHTIGKEIT &#8211; Erleben Sie einen leichten Schuh (280 bis 330 g) f\u00fcr l\u00e4ngere Trainingseinheiten. &#8211; WASSERDICHT &#8211; Wasserdichtes GORE-TEX-Futter h\u00e4lt Ihre F\u00fc\u00dfe \u00fcber die ganze Zeit trocken. &#8211; SCHNELLSCHN\u00dcRSYSTEM &#8211; Das Quicklace-Schn\u00fcrsystem erm\u00f6glicht es Ihnen, Ihre Schuhe schnell an- und wieder ausziehen, ohne Knoten und Anstrengung. &#8211; PASSFORM UND SCHUTZ &#8211; Das Sensifit-System umschlie\u00dft den Fu\u00df optimal und bietet einen perfekten und festen Sitz. &#8211; SOHLE &#8211; Die Wet Traction Contagrip-Sohle besteht aus einer und langlebigen Gummi-Mischung, die beim Laufen im feuchten bzw. nassen Gel\u00e4nde f\u00fcr au\u00dfergew\u00f6hnlichen Grip sorgt. <\/p>\n<p>Obermaterial: Synthetik<br \/>\nInnenmaterial: Synthetik<br \/>\nSohle: Gummi<br \/>\nVerschluss: Schn\u00fcrsenkel<br \/>\nAbsatzform: Flach<br \/>\nMaterialzusammensetzung: Synthetik<br \/>\nSchuhweite: Normal<br \/>\nWasserdicht<br \/>\n<div class=\"main-cross-sell\" data-asin=\"B017SQX8PM\">\n\n\t<div class=\"WooZone-cross-sell-loader\">\n\t\t<div>\n\t\t\t<div id=\"floatingBarsG\">\n\t\t\t\t<div class=\"blockG\" id=\"rotateG_01\"><\/div>\n\t\t\t\t<div class=\"blockG\" id=\"rotateG_02\"><\/div>\n\t\t\t\t<div class=\"blockG\" id=\"rotateG_03\"><\/div>\n\t\t\t\t<div class=\"blockG\" id=\"rotateG_04\"><\/div>\n\t\t\t\t<div class=\"blockG\" id=\"rotateG_05\"><\/div>\n\t\t\t\t<div class=\"blockG\" id=\"rotateG_06\"><\/div>\n\t\t\t\t<div class=\"blockG\" id=\"rotateG_07\"><\/div>\n\t\t\t\t<div class=\"blockG\" id=\"rotateG_08\"><\/div>\n\t\t\t<\/div>\n\t\t\t<div class=\"WooZone-cross-sell-loader-text\"><\/div>\n\t\t<\/div>\n\t<\/div>\n\n\t\t\n<\/div>\n<div style=\"clear:both;\"><\/div><\/p>\n","protected":false},"excerpt":{"rendered":"<p>Obermaterial: Synthetik<br \/>\nInnenmaterial: Synthetik<br \/>\nSohle: Gummi<\/p>\n","protected":false},"featured_media":18084,"comment_status":"open","ping_status":"closed","template":"","meta":[],"product_cat":[7072,7073],"product_tag":[],"_links":{"self":[{"href":"http:\/\/campingland24.com\/index.php?rest_route=\/wp\/v2\/product\/18083"}],"collection":[{"href":"http:\/\/campingland24.com\/index.php?rest_route=\/wp\/v2\/product"}],"about":[{"href":"http:\/\/campingland24.com\/index.php?rest_route=\/wp\/v2\/types\/product"}],"replies":[{"embeddable":true,"href":"http:\/\/campingland24.com\/index.php?rest_route=%2Fwp%2Fv2%2Fcomments&post=18083"}],"version-history":[{"count":15,"href":"http:\/\/campingland24.com\/index.php?rest_route=\/wp\/v2\/product\/18083\/revisions"}],"predecessor-version":[{"id":20042,"href":"http:\/\/campingland24.com\/index.php?rest_route=\/wp\/v2\/product\/18083\/revisions\/20042"}],"wp:featuredmedia":[{"embeddable":true,"href":"http:\/\/campingland24.com\/index.php?rest_route=\/wp\/v2\/media\/18084"}],"wp:attachment":[{"href":"http:\/\/campingland24.com\/index.php?rest_route=%2Fwp%2Fv2%2Fmedia&parent=18083"}],"wp:term":[{"taxonomy":"product_cat","embeddable":true,"href":"http:\/\/campingland24.com\/index.php?rest_route=%2Fwp%2Fv2%2Fproduct_cat&post=18083"},{"taxonomy":"product_tag","embeddable":true,"href":"http:\/\/campingland24.com\/index.php?rest_route=%2Fwp%2Fv2%2Fproduct_tag&post=18083"}],"curies":[{"name":"wp","href":"https:\/\/api.w.org\/{rel}","templated":true}]}}